{"id":7495,"date":"2024-10-30T16:22:55","date_gmt":"2024-10-30T14:22:55","guid":{"rendered":"https:\/\/yiayiapies.com\/?page_id=7495"},"modified":"2024-11-18T12:00:26","modified_gmt":"2024-11-18T10:00:26","slug":"%cf%87%ce%b5%ce%b9%cf%81%ce%bf%cf%80%ce%bf%ce%af%ce%b7%cf%84%ce%b1-%ce%ba%ce%bf%cf%85%cf%81%ce%bf%cf%8d-horeca","status":"publish","type":"page","link":"https:\/\/yiayiapies.com\/fr\/kourou-artisanales-horeca\/","title":{"rendered":"Kourou Artisanales"},"content":{"rendered":"<div data-elementor-type=\"wp-page\" data-elementor-id=\"7495\" class=\"elementor elementor-7495\" data-elementor-post-type=\"page\">\r\n\t\t\t\t\t\t\t\t\t<section class=\"elementor-section elementor-top-section elementor-element elementor-element-a5e4b93 elementor-section-height-min-height elementor-section-items-bottom elementor-section-boxed elementor-section-height-default\" data-id=\"a5e4b93\" data-element_type=\"section\" data-settings=\"{&quot;background_background&quot;:&quot;classic&quot;}\">\r\n\t\t\t\t\t\t\t<div class=\"elementor-background-overlay\"><\/div>\r\n\t\t\t\t\t\t\t<div class=\"elementor-container elementor-column-gap-default\">\r\n\t\t\t\t\t<div class=\"elementor-column elementor-col-100 elementor-top-column elementor-element elementor-element-d6e057b lakit-col-width-auto-no\" data-id=\"d6e057b\" data-element_type=\"column\">\r\n\t\t\t<div class=\"elementor-widget-wrap elementor-element-populated\">\r\n\t\t\t\t\t\t\t\t<div class=\"elementor-element elementor-element-5d34c2b elementor-widget elementor-widget-text-editor\" data-id=\"5d34c2b\" data-element_type=\"widget\" data-widget_type=\"text-editor.default\">\r\n\t\t\t\t<div class=\"elementor-widget-container\">\r\n\t\t\t<style>\/*! elementor - v3.18.0 - 06-12-2023 *\/\n.elementor-widget-text-editor.elementor-drop-cap-view-stacked .elementor-drop-cap{background-color:#69727d;color:#fff}.elementor-widget-text-editor.elementor-drop-cap-view-framed .elementor-drop-cap{color:#69727d;border:3px solid;background-color:transparent}.elementor-widget-text-editor:not(.elementor-drop-cap-view-default) .elementor-drop-cap{margin-top:8px}.elementor-widget-text-editor:not(.elementor-drop-cap-view-default) .elementor-drop-cap-letter{width:1em;height:1em}.elementor-widget-text-editor .elementor-drop-cap{float:left;text-align:center;line-height:1;font-size:50px}.elementor-widget-text-editor .elementor-drop-cap-letter{display:inline-block}<\/style>\t\t\t\t<p>Artisanales<\/p>\t\t\t\t\t\t<\/div>\r\n\t\t\t\t<\/div>\r\n\t\t\t\t<div class=\"elementor-element elementor-element-4f80187 elementor-widget elementor-widget-heading\" data-id=\"4f80187\" data-element_type=\"widget\" data-widget_type=\"heading.default\">\r\n\t\t\t\t<div class=\"elementor-widget-container\">\r\n\t\t\t<style>\/*! elementor - v3.18.0 - 06-12-2023 *\/\n.elementor-heading-title{padding:0;margin:0;line-height:1}.elementor-widget-heading .elementor-heading-title[class*=elementor-size-]>a{color:inherit;font-size:inherit;line-height:inherit}.elementor-widget-heading .elementor-heading-title.elementor-size-small{font-size:15px}.elementor-widget-heading .elementor-heading-title.elementor-size-medium{font-size:19px}.elementor-widget-heading .elementor-heading-title.elementor-size-large{font-size:29px}.elementor-widget-heading .elementor-heading-title.elementor-size-xl{font-size:39px}.elementor-widget-heading .elementor-heading-title.elementor-size-xxl{font-size:59px}<\/style><h1 class=\"elementor-heading-title elementor-size-default\">KOUROU<\/h1>\t\t<\/div>\r\n\t\t\t\t<\/div>\r\n\t\t\t\t\t<\/div>\r\n\t\t<\/div>\r\n\t\t\t\t\t\t\t<\/div>\r\n\t\t<\/section>\r\n\t\t\t\t<section class=\"elementor-section elementor-top-section elementor-element elementor-element-0667837 elementor-section-boxed elementor-section-height-default elementor-section-height-default\" data-id=\"0667837\" data-element_type=\"section\" data-settings=\"{&quot;background_background&quot;:&quot;classic&quot;}\">\r\n\t\t\t\t\t\t<div class=\"elementor-container elementor-column-gap-default\">\r\n\t\t\t\t\t<div class=\"elementor-column elementor-col-100 elementor-top-column elementor-element elementor-element-215359a lakit-col-width-auto-no\" data-id=\"215359a\" data-element_type=\"column\">\r\n\t\t\t<div class=\"elementor-widget-wrap elementor-element-populated\">\r\n\t\t\t\t\t\t\t\t<div class=\"elementor-element elementor-element-b3a2a92 elementor-widget elementor-widget-heading\" data-id=\"b3a2a92\" data-element_type=\"widget\" data-widget_type=\"heading.default\">\r\n\t\t\t\t<div class=\"elementor-widget-container\">\r\n\t\t\t<h2 class=\"elementor-heading-title elementor-size-default\">KOUROU ARTISANALES 200gr<\/h2>\t\t<\/div>\r\n\t\t\t\t<\/div>\r\n\t\t\t\t<section class=\"elementor-section elementor-inner-section elementor-element elementor-element-7e0877d elementor-section-boxed elementor-section-height-default elementor-section-height-default\" data-id=\"7e0877d\" data-element_type=\"section\">\r\n\t\t\t\t\t\t<div class=\"elementor-container elementor-column-gap-default\">\r\n\t\t\t\t\t<div class=\"elementor-column elementor-col-33 elementor-inner-column elementor-element elementor-element-df34962 lakit-col-width-auto-no\" data-id=\"df34962\" data-element_type=\"column\">\r\n\t\t\t<div class=\"elementor-widget-wrap elementor-element-populated\">\r\n\t\t\t\t\t\t\t\t<div class=\"elementor-element elementor-element-cc2e56d elementor-widget elementor-widget-text-editor\" data-id=\"cc2e56d\" data-element_type=\"widget\" data-widget_type=\"text-editor.default\">\r\n\t\t\t\t<div class=\"elementor-widget-container\">\r\n\t\t\t\t\t\t\t<p>Temp\u00e9rature de cuisson: 180\u00b0C<br \/>Temps de cuisson : 25-30 minutes<br \/>D\u00e9cong\u00e9lation n\u00e9cessaire<br \/>Vous pouvez badigeonner le dessus avec un \u0153uf (facultatif)\u00a0<br \/>Artisanales<br \/>Sans conservateurs ajout\u00e9s.<\/p>\t\t\t\t\t\t<\/div>\r\n\t\t\t\t<\/div>\r\n\t\t\t\t\t<\/div>\r\n\t\t<\/div>\r\n\t\t\t\t<div class=\"elementor-column elementor-col-33 elementor-inner-column elementor-element elementor-element-38f65a5 lakit-col-width-auto-no\" data-id=\"38f65a5\" data-element_type=\"column\">\r\n\t\t\t<div class=\"elementor-widget-wrap elementor-element-populated\">\r\n\t\t\t\t\t\t\t\t<div class=\"elementor-element elementor-element-640c5b9 elementor-hidden-desktop elementor-hidden-laptop elementor-hidden-tablet elementor-hidden-mobile_extra elementor-hidden-mobile elementor-widget elementor-widget-text-editor\" data-id=\"640c5b9\" data-element_type=\"widget\" data-widget_type=\"text-editor.default\">\r\n\t\t\t\t<div class=\"elementor-widget-container\">\r\n\t\t\t\t\t\t\t<p>30 \u03c4\u03bc\u03c7 \/ \u03ba\u03b9\u03b2<\/p>\t\t\t\t\t\t<\/div>\r\n\t\t\t\t<\/div>\r\n\t\t\t\t\t<\/div>\r\n\t\t<\/div>\r\n\t\t\t\t<div class=\"elementor-column elementor-col-33 elementor-inner-column elementor-element elementor-element-a0a116a lakit-col-width-auto-no\" data-id=\"a0a116a\" data-element_type=\"column\">\r\n\t\t\t<div class=\"elementor-widget-wrap\">\r\n\t\t\t\t\t\t\t\t\t<\/div>\r\n\t\t<\/div>\r\n\t\t\t\t\t\t\t<\/div>\r\n\t\t<\/section>\r\n\t\t\t\t\t<\/div>\r\n\t\t<\/div>\r\n\t\t\t\t\t\t\t<\/div>\r\n\t\t<\/section>\r\n\t\t\t\t<section class=\"elementor-section elementor-top-section elementor-element elementor-element-3ca6552 elementor-section-content-middle elementor-section-boxed elementor-section-height-default elementor-section-height-default\" data-id=\"3ca6552\" data-element_type=\"section\">\r\n\t\t\t\t\t\t<div class=\"elementor-container elementor-column-gap-default\">\r\n\t\t\t\t\t<div class=\"elementor-column elementor-col-50 elementor-top-column elementor-element elementor-element-b4dfdb9 lakit-col-width-auto-no\" data-id=\"b4dfdb9\" data-element_type=\"column\">\r\n\t\t\t<div class=\"elementor-widget-wrap elementor-element-populated\">\r\n\t\t\t\t\t\t\t\t<div class=\"elementor-element elementor-element-ef85a6c elementor-widget elementor-widget-image\" data-id=\"ef85a6c\" data-element_type=\"widget\" data-widget_type=\"image.default\">\r\n\t\t\t\t<div class=\"elementor-widget-container\">\r\n\t\t\t<style>\/*! elementor - v3.18.0 - 06-12-2023 *\/\n.elementor-widget-image{text-align:center}.elementor-widget-image a{display:inline-block}.elementor-widget-image a img[src$=\".svg\"]{width:48px}.elementor-widget-image img{vertical-align:middle;display:inline-block}<\/style>\t\t\t\t\t\t\t\t\t\t\t\t<img fetchpriority=\"high\" decoding=\"async\" width=\"1067\" height=\"1600\" src=\"https:\/\/yiayiapies.com\/wp-content\/uploads\/2024\/11\/yiayia-pies-\u03ba\u03bf\u03c5\u03c1\u03bf\u03c5-\u03bf\u03bb\u03b9\u03ba\u03ae\u03c2.jpg\" class=\"attachment-full size-full wp-image-7900\" alt=\"yiayia pies \u03ba\u03bf\u03c5\u03c1\u03bf\u03c5 \u03bf\u03bb\u03b9\u03ba\u03ae\u03c2\" srcset=\"https:\/\/yiayiapies.com\/wp-content\/uploads\/2024\/11\/yiayia-pies-\u03ba\u03bf\u03c5\u03c1\u03bf\u03c5-\u03bf\u03bb\u03b9\u03ba\u03ae\u03c2.jpg 1067w, https:\/\/yiayiapies.com\/wp-content\/uploads\/2024\/11\/yiayia-pies-\u03ba\u03bf\u03c5\u03c1\u03bf\u03c5-\u03bf\u03bb\u03b9\u03ba\u03ae\u03c2-1024x1536.jpg 1024w, https:\/\/yiayiapies.com\/wp-content\/uploads\/2024\/11\/yiayia-pies-\u03ba\u03bf\u03c5\u03c1\u03bf\u03c5-\u03bf\u03bb\u03b9\u03ba\u03ae\u03c2-8x12.jpg 8w\" sizes=\"(max-width: 1067px) 100vw, 1067px\" \/>\t\t\t\t\t\t\t\t\t\t\t\t\t\t\t<\/div>\r\n\t\t\t\t<\/div>\r\n\t\t\t\t\t<\/div>\r\n\t\t<\/div>\r\n\t\t\t\t<div class=\"elementor-column elementor-col-50 elementor-top-column elementor-element elementor-element-33b4c0d lakit-col-width-auto-no\" data-id=\"33b4c0d\" data-element_type=\"column\">\r\n\t\t\t<div class=\"elementor-widget-wrap elementor-element-populated\">\r\n\t\t\t\t\t\t\t\t<div class=\"elementor-element elementor-element-a66c2ef elementor-widget elementor-widget-heading\" data-id=\"a66c2ef\" data-element_type=\"widget\" data-widget_type=\"heading.default\">\r\n\t\t\t\t<div class=\"elementor-widget-container\">\r\n\t\t\t<h4 class=\"elementor-heading-title elementor-size-default\">KOUROU AU FROMAGE<\/h4>\t\t<\/div>\r\n\t\t\t\t<\/div>\r\n\t\t\t\t<div class=\"elementor-element elementor-element-9ea25ca elementor-widget elementor-widget-text-editor\" data-id=\"9ea25ca\" data-element_type=\"widget\" data-widget_type=\"text-editor.default\">\r\n\t\t\t\t<div class=\"elementor-widget-container\">\r\n\t\t\t\t\t\t\t<p>Le Kourou artisanal de Yiayia au fromage de vache, \nau fromage mizithra et au lait frais est le choix \nid\u00e9al pour votre petit-d\u00e9jeuner!<\/p>\t\t\t\t\t\t<\/div>\r\n\t\t\t\t<\/div>\r\n\t\t\t\t\t<\/div>\r\n\t\t<\/div>\r\n\t\t\t\t\t\t\t<\/div>\r\n\t\t<\/section>\r\n\t\t\t\t<section class=\"elementor-section elementor-top-section elementor-element elementor-element-70492f6 elementor-section-content-middle elementor-reverse-mobile elementor-section-boxed elementor-section-height-default elementor-section-height-default\" data-id=\"70492f6\" data-element_type=\"section\">\r\n\t\t\t\t\t\t<div class=\"elementor-container elementor-column-gap-default\">\r\n\t\t\t\t\t<div class=\"elementor-column elementor-col-50 elementor-top-column elementor-element elementor-element-bcd575c lakit-col-width-auto-no\" data-id=\"bcd575c\" data-element_type=\"column\">\r\n\t\t\t<div class=\"elementor-widget-wrap elementor-element-populated\">\r\n\t\t\t\t\t\t\t\t<div class=\"elementor-element elementor-element-db09528 elementor-widget elementor-widget-heading\" data-id=\"db09528\" data-element_type=\"widget\" data-widget_type=\"heading.default\">\r\n\t\t\t\t<div class=\"elementor-widget-container\">\r\n\t\t\t<h4 class=\"elementor-heading-title elementor-size-default\">KOUROU AU FROMAGE ET MIEL<\/h4>\t\t<\/div>\r\n\t\t\t\t<\/div>\r\n\t\t\t\t<div class=\"elementor-element elementor-element-ce6c5cf elementor-widget elementor-widget-text-editor\" data-id=\"ce6c5cf\" data-element_type=\"widget\" data-widget_type=\"text-editor.default\">\r\n\t\t\t\t<div class=\"elementor-widget-container\">\r\n\t\t\t\t\t\t\t<p>Le Kourou unique fait \u00e0 la main avec du fromage et \ndu miel, saupoudr\u00e9 de miel et de s\u00e9same, est \nparfaitement \u00e9quilibr\u00e9 entre le sucr\u00e9 et le sal\u00e9, \ncaptivant tous les palais!<\/p>\t\t\t\t\t\t<\/div>\r\n\t\t\t\t<\/div>\r\n\t\t\t\t\t<\/div>\r\n\t\t<\/div>\r\n\t\t\t\t<div class=\"elementor-column elementor-col-50 elementor-top-column elementor-element elementor-element-7899cba lakit-col-width-auto-no\" data-id=\"7899cba\" data-element_type=\"column\">\r\n\t\t\t<div class=\"elementor-widget-wrap elementor-element-populated\">\r\n\t\t\t\t\t\t\t\t<div class=\"elementor-element elementor-element-2562ae5 elementor-widget elementor-widget-image\" data-id=\"2562ae5\" data-element_type=\"widget\" data-widget_type=\"image.default\">\r\n\t\t\t\t<div class=\"elementor-widget-container\">\r\n\t\t\t\t\t\t\t\t\t\t\t\t\t\t\t<img decoding=\"async\" width=\"1067\" height=\"1600\" src=\"https:\/\/yiayiapies.com\/wp-content\/uploads\/2024\/11\/yiayia-pies-\u03ba\u03bf\u03c5\u03c1\u03bf\u03cd-\u03bc\u03b5\u03bb\u03b9-\u03c4\u03c5\u03c1\u03b9.jpg\" class=\"attachment-large size-large wp-image-7899\" alt=\"yiayia pies \u03ba\u03bf\u03c5\u03c1\u03bf\u03cd \u03bc\u03b5\u03bb\u03b9 \u03c4\u03c5\u03c1\u03b9\" srcset=\"https:\/\/yiayiapies.com\/wp-content\/uploads\/2024\/11\/yiayia-pies-\u03ba\u03bf\u03c5\u03c1\u03bf\u03cd-\u03bc\u03b5\u03bb\u03b9-\u03c4\u03c5\u03c1\u03b9.jpg 1067w, https:\/\/yiayiapies.com\/wp-content\/uploads\/2024\/11\/yiayia-pies-\u03ba\u03bf\u03c5\u03c1\u03bf\u03cd-\u03bc\u03b5\u03bb\u03b9-\u03c4\u03c5\u03c1\u03b9-1024x1536.jpg 1024w, https:\/\/yiayiapies.com\/wp-content\/uploads\/2024\/11\/yiayia-pies-\u03ba\u03bf\u03c5\u03c1\u03bf\u03cd-\u03bc\u03b5\u03bb\u03b9-\u03c4\u03c5\u03c1\u03b9-8x12.jpg 8w\" sizes=\"(max-width: 1067px) 100vw, 1067px\" \/>\t\t\t\t\t\t\t\t\t\t\t\t\t\t\t<\/div>\r\n\t\t\t\t<\/div>\r\n\t\t\t\t\t<\/div>\r\n\t\t<\/div>\r\n\t\t\t\t\t\t\t<\/div>\r\n\t\t<\/section>\r\n\t\t\t\t<section class=\"elementor-section elementor-top-section elementor-element elementor-element-061723b elementor-section-content-middle elementor-section-boxed elementor-section-height-default elementor-section-height-default\" data-id=\"061723b\" data-element_type=\"section\">\r\n\t\t\t\t\t\t<div class=\"elementor-container elementor-column-gap-default\">\r\n\t\t\t\t\t<div class=\"elementor-column elementor-col-50 elementor-top-column elementor-element elementor-element-0d71029 lakit-col-width-auto-no\" data-id=\"0d71029\" data-element_type=\"column\">\r\n\t\t\t<div class=\"elementor-widget-wrap elementor-element-populated\">\r\n\t\t\t\t\t\t\t\t<div class=\"elementor-element elementor-element-ab48734 elementor-widget elementor-widget-image\" data-id=\"ab48734\" data-element_type=\"widget\" data-widget_type=\"image.default\">\r\n\t\t\t\t<div class=\"elementor-widget-container\">\r\n\t\t\t\t\t\t\t\t\t\t\t\t\t\t\t<img fetchpriority=\"high\" decoding=\"async\" width=\"1067\" height=\"1600\" src=\"https:\/\/yiayiapies.com\/wp-content\/uploads\/2024\/11\/yiayia-pies-\u03ba\u03bf\u03c5\u03c1\u03bf\u03c5-\u03bf\u03bb\u03b9\u03ba\u03ae\u03c2.jpg\" class=\"attachment-full size-full wp-image-7900\" alt=\"yiayia pies \u03ba\u03bf\u03c5\u03c1\u03bf\u03c5 \u03bf\u03bb\u03b9\u03ba\u03ae\u03c2\" srcset=\"https:\/\/yiayiapies.com\/wp-content\/uploads\/2024\/11\/yiayia-pies-\u03ba\u03bf\u03c5\u03c1\u03bf\u03c5-\u03bf\u03bb\u03b9\u03ba\u03ae\u03c2.jpg 1067w, https:\/\/yiayiapies.com\/wp-content\/uploads\/2024\/11\/yiayia-pies-\u03ba\u03bf\u03c5\u03c1\u03bf\u03c5-\u03bf\u03bb\u03b9\u03ba\u03ae\u03c2-1024x1536.jpg 1024w, https:\/\/yiayiapies.com\/wp-content\/uploads\/2024\/11\/yiayia-pies-\u03ba\u03bf\u03c5\u03c1\u03bf\u03c5-\u03bf\u03bb\u03b9\u03ba\u03ae\u03c2-8x12.jpg 8w\" sizes=\"(max-width: 1067px) 100vw, 1067px\" \/>\t\t\t\t\t\t\t\t\t\t\t\t\t\t\t<\/div>\r\n\t\t\t\t<\/div>\r\n\t\t\t\t\t<\/div>\r\n\t\t<\/div>\r\n\t\t\t\t<div class=\"elementor-column elementor-col-50 elementor-top-column elementor-element elementor-element-b0174a2 lakit-col-width-auto-no\" data-id=\"b0174a2\" data-element_type=\"column\">\r\n\t\t\t<div class=\"elementor-widget-wrap elementor-element-populated\">\r\n\t\t\t\t\t\t\t\t<div class=\"elementor-element elementor-element-b235995 elementor-widget elementor-widget-heading\" data-id=\"b235995\" data-element_type=\"widget\" data-widget_type=\"heading.default\">\r\n\t\t\t\t<div class=\"elementor-widget-container\">\r\n\t\t\t<h4 class=\"elementor-heading-title elementor-size-default\">KOUROU COMPLET AU FROMAGE \nPHILADELPHIA<\/h4>\t\t<\/div>\r\n\t\t\t\t<\/div>\r\n\t\t\t\t<div class=\"elementor-element elementor-element-89e890b elementor-widget elementor-widget-text-editor\" data-id=\"89e890b\" data-element_type=\"widget\" data-widget_type=\"text-editor.default\">\r\n\t\t\t\t<div class=\"elementor-widget-container\">\r\n\t\t\t\t\t\t\t<p>Le Kourou au bl\u00e9 complet fait \u00e0 la main avec du \nfromage Philadelphia saupoudr\u00e9 de s\u00e9same est \nune option \u00e0 la fois l\u00e9g\u00e8re et savoureuse pour \nvotre petit-d\u00e9jeuner!<\/p>\t\t\t\t\t\t<\/div>\r\n\t\t\t\t<\/div>\r\n\t\t\t\t\t<\/div>\r\n\t\t<\/div>\r\n\t\t\t\t\t\t\t<\/div>\r\n\t\t<\/section>\r\n\t\t\t\t\t\t\t<\/div>","protected":false},"excerpt":{"rendered":"<p>\u03a7\u03b5\u03b9\u03c1\u03bf\u03c0\u03bf\u03af\u03b7\u03c4\u03b1 \u039a\u039f\u03a5\u03a1\u039f\u03a5 \u03a7\u0395\u0399\u03a1\u039f\u03a0\u039f\u0399\u0397\u03a4\u0391 \u039a\u039f\u03a5\u03a1\u039f\u03a5 200gr \u0398\u03b5\u03c1\u03bc\u03bf\u03ba\u03c1\u03b1\u03c3\u03af\u03b1 \u03c8\u03b7\u03c3\u03af\u03bc\u03b1\u03c4\u03bf\u03c2: 180\u00b0C\u03a7\u03c1\u03cc\u03bd\u03bf\u03c2 \u03c8\u03b7\u03c3\u03af\u03bc\u03b1\u03c4\u03bf\u03c2: 25-30&#8242;\u03a7\u03c1\u03b5\u03b9\u03ac\u03b6\u03bf\u03bd\u03c4\u03b1\u03b9 \u03b1\u03c0\u03cc\u03c8\u03c5\u03be\u03b7\u039c\u03c0\u03bf\u03c1\u03b5\u03af\u03c4\u03b5 (\u03c0\u03c1\u03bf\u03b1\u03b9\u03c1\u03b5\u03c4\u03b9\u03ba\u03ac) \u03bd\u03b1 \u03b1\u03bb\u03b5\u03af\u03c8\u03b5\u03c4\u03b5 \u03c4\u03b7\u03bd \u03ba\u03bf\u03c1\u03c5\u03c6\u03ae \u03bc\u03b5 \u03ad\u03bd\u03b1 \u03b1\u03c5\u03b3\u03cc\u00a0\u03a7\u03b5\u03b9\u03c1\u03bf\u03c0\u03bf\u03af\u03b7\u03c4\u03b1\u03a7\u03c9\u03c1\u03af\u03c2 \u03c3\u03c5\u03bd\u03c4\u03b7\u03c1\u03b7\u03c4\u03b9\u03ba\u03ac [&hellip;]<\/p>","protected":false},"author":2,"featured_media":0,"parent":0,"menu_order":0,"comment_status":"closed","ping_status":"closed","template":"","meta":{"_monsterinsights_skip_tracking":false,"_monsterinsights_sitenote_active":false,"_monsterinsights_sitenote_note":"","_monsterinsights_sitenote_category":0,"footnotes":""},"class_list":["post-7495","page","type-page","status-publish","hentry"],"aioseo_notices":[],"_links":{"self":[{"href":"https:\/\/yiayiapies.com\/fr\/wp-json\/wp\/v2\/pages\/7495","targetHints":{"allow":["GET"]}}],"collection":[{"href":"https:\/\/yiayiapies.com\/fr\/wp-json\/wp\/v2\/pages"}],"about":[{"href":"https:\/\/yiayiapies.com\/fr\/wp-json\/wp\/v2\/types\/page"}],"author":[{"embeddable":true,"href":"https:\/\/yiayiapies.com\/fr\/wp-json\/wp\/v2\/users\/2"}],"replies":[{"embeddable":true,"href":"https:\/\/yiayiapies.com\/fr\/wp-json\/wp\/v2\/comments?post=7495"}],"version-history":[{"count":64,"href":"https:\/\/yiayiapies.com\/fr\/wp-json\/wp\/v2\/pages\/7495\/revisions"}],"predecessor-version":[{"id":8221,"href":"https:\/\/yiayiapies.com\/fr\/wp-json\/wp\/v2\/pages\/7495\/revisions\/8221"}],"wp:attachment":[{"href":"https:\/\/yiayiapies.com\/fr\/wp-json\/wp\/v2\/media?parent=7495"}],"curies":[{"name":"wp","href":"https:\/\/api.w.org\/{rel}","templated":true}]}}