{"id":7487,"date":"2024-10-30T16:20:21","date_gmt":"2024-10-30T14:20:21","guid":{"rendered":"https:\/\/yiayiapies.com\/?page_id=7487"},"modified":"2024-11-15T09:46:48","modified_gmt":"2024-11-15T07:46:48","slug":"%ce%ba%ce%bf%cf%85%ce%bb%ce%bf%cf%8d%cf%81%ce%b9%ce%b1-%ce%b8%ce%b5%cf%83%cf%83%ce%b1%ce%bb%ce%bf%ce%bd%ce%af%ce%ba%ce%b7%cf%82-horeca","status":"publish","type":"page","link":"https:\/\/yiayiapies.com\/fr\/koulouri-de-thessalonique-horeca\/","title":{"rendered":"Koulouri de Thessalonique"},"content":{"rendered":"<div data-elementor-type=\"wp-page\" data-elementor-id=\"7487\" class=\"elementor elementor-7487\" data-elementor-post-type=\"page\">\r\n\t\t\t\t\t\t\t\t\t<section class=\"elementor-section elementor-top-section elementor-element elementor-element-a5e4b93 elementor-section-height-min-height elementor-section-items-bottom elementor-section-boxed elementor-section-height-default\" data-id=\"a5e4b93\" data-element_type=\"section\" data-settings=\"{&quot;background_background&quot;:&quot;classic&quot;}\">\r\n\t\t\t\t\t\t\t<div class=\"elementor-background-overlay\"><\/div>\r\n\t\t\t\t\t\t\t<div class=\"elementor-container elementor-column-gap-default\">\r\n\t\t\t\t\t<div class=\"elementor-column elementor-col-100 elementor-top-column elementor-element elementor-element-d6e057b lakit-col-width-auto-no\" data-id=\"d6e057b\" data-element_type=\"column\">\r\n\t\t\t<div class=\"elementor-widget-wrap elementor-element-populated\">\r\n\t\t\t\t\t\t\t\t<div class=\"elementor-element elementor-element-4f80187 elementor-widget elementor-widget-heading\" data-id=\"4f80187\" data-element_type=\"widget\" data-widget_type=\"heading.default\">\r\n\t\t\t\t<div class=\"elementor-widget-container\">\r\n\t\t\t<style>\/*! elementor - v3.18.0 - 06-12-2023 *\/\n.elementor-heading-title{padding:0;margin:0;line-height:1}.elementor-widget-heading .elementor-heading-title[class*=elementor-size-]>a{color:inherit;font-size:inherit;line-height:inherit}.elementor-widget-heading .elementor-heading-title.elementor-size-small{font-size:15px}.elementor-widget-heading .elementor-heading-title.elementor-size-medium{font-size:19px}.elementor-widget-heading .elementor-heading-title.elementor-size-large{font-size:29px}.elementor-widget-heading .elementor-heading-title.elementor-size-xl{font-size:39px}.elementor-widget-heading .elementor-heading-title.elementor-size-xxl{font-size:59px}<\/style><h1 class=\"elementor-heading-title elementor-size-default\">Koulouri<\/h1>\t\t<\/div>\r\n\t\t\t\t<\/div>\r\n\t\t\t\t<div class=\"elementor-element elementor-element-5d34c2b elementor-widget elementor-widget-text-editor\" data-id=\"5d34c2b\" data-element_type=\"widget\" data-widget_type=\"text-editor.default\">\r\n\t\t\t\t<div class=\"elementor-widget-container\">\r\n\t\t\t<style>\/*! elementor - v3.18.0 - 06-12-2023 *\/\n.elementor-widget-text-editor.elementor-drop-cap-view-stacked .elementor-drop-cap{background-color:#69727d;color:#fff}.elementor-widget-text-editor.elementor-drop-cap-view-framed .elementor-drop-cap{color:#69727d;border:3px solid;background-color:transparent}.elementor-widget-text-editor:not(.elementor-drop-cap-view-default) .elementor-drop-cap{margin-top:8px}.elementor-widget-text-editor:not(.elementor-drop-cap-view-default) .elementor-drop-cap-letter{width:1em;height:1em}.elementor-widget-text-editor .elementor-drop-cap{float:left;text-align:center;line-height:1;font-size:50px}.elementor-widget-text-editor .elementor-drop-cap-letter{display:inline-block}<\/style>\t\t\t\t<p>de Thessalonique<\/p>\t\t\t\t\t\t<\/div>\r\n\t\t\t\t<\/div>\r\n\t\t\t\t\t<\/div>\r\n\t\t<\/div>\r\n\t\t\t\t\t\t\t<\/div>\r\n\t\t<\/section>\r\n\t\t\t\t<section class=\"elementor-section elementor-top-section elementor-element elementor-element-d8eead8 elementor-section-boxed elementor-section-height-default elementor-section-height-default\" data-id=\"d8eead8\" data-element_type=\"section\" data-settings=\"{&quot;background_background&quot;:&quot;classic&quot;}\">\r\n\t\t\t\t\t\t<div class=\"elementor-container elementor-column-gap-default\">\r\n\t\t\t\t\t<div class=\"elementor-column elementor-col-100 elementor-top-column elementor-element elementor-element-5c76bdc lakit-col-width-auto-no\" data-id=\"5c76bdc\" data-element_type=\"column\">\r\n\t\t\t<div class=\"elementor-widget-wrap elementor-element-populated\">\r\n\t\t\t\t\t\t\t\t<div class=\"elementor-element elementor-element-bd9ac07 elementor-widget elementor-widget-heading\" data-id=\"bd9ac07\" data-element_type=\"widget\" data-widget_type=\"heading.default\">\r\n\t\t\t\t<div class=\"elementor-widget-container\">\r\n\t\t\t<h2 class=\"elementor-heading-title elementor-size-default\">KOULOURI DE THESSALONIQUE \/ KOULOURI COMPLET \/ KOULOURI AUX RAISINS SECS<\/h2>\t\t<\/div>\r\n\t\t\t\t<\/div>\r\n\t\t\t\t<section class=\"elementor-section elementor-inner-section elementor-element elementor-element-bd6bc4b elementor-section-boxed elementor-section-height-default elementor-section-height-default\" data-id=\"bd6bc4b\" data-element_type=\"section\">\r\n\t\t\t\t\t\t<div class=\"elementor-container elementor-column-gap-default\">\r\n\t\t\t\t\t<div class=\"elementor-column elementor-col-33 elementor-inner-column elementor-element elementor-element-464fc08 lakit-col-width-auto-no\" data-id=\"464fc08\" data-element_type=\"column\">\r\n\t\t\t<div class=\"elementor-widget-wrap elementor-element-populated\">\r\n\t\t\t\t\t\t\t\t<div class=\"elementor-element elementor-element-310c219 elementor-widget elementor-widget-text-editor\" data-id=\"310c219\" data-element_type=\"widget\" data-widget_type=\"text-editor.default\">\r\n\t\t\t\t<div class=\"elementor-widget-container\">\r\n\t\t\t\t\t\t\t<p>Temp\u00e9rature de cuisson: 180\u00b0C<br \/>Temps de cuisson: 10 minutes<br \/>Fait \u00e0 la main<br \/>Sans conservateurs ajout\u00e9s.<\/p>\t\t\t\t\t\t<\/div>\r\n\t\t\t\t<\/div>\r\n\t\t\t\t\t<\/div>\r\n\t\t<\/div>\r\n\t\t\t\t<div class=\"elementor-column elementor-col-33 elementor-inner-column elementor-element elementor-element-bd3b2f9 lakit-col-width-auto-no\" data-id=\"bd3b2f9\" data-element_type=\"column\">\r\n\t\t\t<div class=\"elementor-widget-wrap\">\r\n\t\t\t\t\t\t\t\t\t<\/div>\r\n\t\t<\/div>\r\n\t\t\t\t<div class=\"elementor-column elementor-col-33 elementor-inner-column elementor-element elementor-element-07da249 lakit-col-width-auto-no\" data-id=\"07da249\" data-element_type=\"column\">\r\n\t\t\t<div class=\"elementor-widget-wrap\">\r\n\t\t\t\t\t\t\t\t\t<\/div>\r\n\t\t<\/div>\r\n\t\t\t\t\t\t\t<\/div>\r\n\t\t<\/section>\r\n\t\t\t\t<div class=\"elementor-element elementor-element-8f8bd68 elementor-widget elementor-widget-text-editor\" data-id=\"8f8bd68\" data-element_type=\"widget\" data-widget_type=\"text-editor.default\">\r\n\t\t\t\t<div class=\"elementor-widget-container\">\r\n\t\t\t\t\t\t\t<p>Savourez l'un des en-cas les plus traditionnels de Thessalonique dans sa version la \nplus moderne!<\/p>\t\t\t\t\t\t<\/div>\r\n\t\t\t\t<\/div>\r\n\t\t\t\t\t<\/div>\r\n\t\t<\/div>\r\n\t\t\t\t\t\t\t<\/div>\r\n\t\t<\/section>\r\n\t\t\t\t<section class=\"elementor-section elementor-top-section elementor-element elementor-element-c3a3055 elementor-section-boxed elementor-section-height-default elementor-section-height-default\" data-id=\"c3a3055\" data-element_type=\"section\">\r\n\t\t\t\t\t\t<div class=\"elementor-container elementor-column-gap-default\">\r\n\t\t\t\t\t<div class=\"elementor-column elementor-col-100 elementor-top-column elementor-element elementor-element-5893bf1 lakit-col-width-auto-no\" data-id=\"5893bf1\" data-element_type=\"column\">\r\n\t\t\t<div class=\"elementor-widget-wrap elementor-element-populated\">\r\n\t\t\t\t\t\t\t\t<section class=\"elementor-section elementor-inner-section elementor-element elementor-element-6f2e12b elementor-section-content-middle elementor-section-boxed elementor-section-height-default elementor-section-height-default\" data-id=\"6f2e12b\" data-element_type=\"section\">\r\n\t\t\t\t\t\t<div class=\"elementor-container elementor-column-gap-default\">\r\n\t\t\t\t\t<div class=\"elementor-column elementor-col-50 elementor-inner-column elementor-element elementor-element-757b0e5 lakit-col-width-auto-no\" data-id=\"757b0e5\" data-element_type=\"column\">\r\n\t\t\t<div class=\"elementor-widget-wrap elementor-element-populated\">\r\n\t\t\t\t\t\t\t\t<div class=\"elementor-element elementor-element-650c9bf elementor-widget elementor-widget-heading\" data-id=\"650c9bf\" data-element_type=\"widget\" data-widget_type=\"heading.default\">\r\n\t\t\t\t<div class=\"elementor-widget-container\">\r\n\t\t\t<h4 class=\"elementor-heading-title elementor-size-default\">KOULOURI DE THESSALONIQUE<\/h4>\t\t<\/div>\r\n\t\t\t\t<\/div>\r\n\t\t\t\t<div class=\"elementor-element elementor-element-1ef37fd elementor-widget elementor-widget-text-editor\" data-id=\"1ef37fd\" data-element_type=\"widget\" data-widget_type=\"text-editor.default\">\r\n\t\t\t\t<div class=\"elementor-widget-container\">\r\n\t\t\t\t\t\t\t<p>P\u00e2te : Farine de bl\u00e9, eau, sucre, huile de tournesol, levure, levain<br \/>Garniture : S\u00e9same<br \/>Allerg\u00e8nes : Contient du gluten et du s\u00e9same<\/p>\t\t\t\t\t\t<\/div>\r\n\t\t\t\t<\/div>\r\n\t\t\t\t\t<\/div>\r\n\t\t<\/div>\r\n\t\t\t\t<div class=\"elementor-column elementor-col-50 elementor-inner-column elementor-element elementor-element-38c6792 lakit-col-width-auto-no\" data-id=\"38c6792\" data-element_type=\"column\">\r\n\t\t\t<div class=\"elementor-widget-wrap elementor-element-populated\">\r\n\t\t\t\t\t\t\t\t<div class=\"elementor-element elementor-element-7b88ecb elementor-widget elementor-widget-image\" data-id=\"7b88ecb\" data-element_type=\"widget\" data-widget_type=\"image.default\">\r\n\t\t\t\t<div class=\"elementor-widget-container\">\r\n\t\t\t<style>\/*! elementor - v3.18.0 - 06-12-2023 *\/\n.elementor-widget-image{text-align:center}.elementor-widget-image a{display:inline-block}.elementor-widget-image a img[src$=\".svg\"]{width:48px}.elementor-widget-image img{vertical-align:middle;display:inline-block}<\/style>\t\t\t\t\t\t\t\t\t\t\t\t<img fetchpriority=\"high\" decoding=\"async\" width=\"1076\" height=\"1600\" src=\"https:\/\/yiayiapies.com\/wp-content\/uploads\/2024\/11\/yiayia-pies-\u039a\u039f\u03a5\u039b\u039f\u03a5\u03a1\u0399-\u0398\u0395\u03a3\u03a3\u0391\u039b\u039f\u039d\u0399\u039a\u0397\u03a3.jpg\" class=\"attachment-large size-large wp-image-7906\" alt=\"\" srcset=\"https:\/\/yiayiapies.com\/wp-content\/uploads\/2024\/11\/yiayia-pies-\u039a\u039f\u03a5\u039b\u039f\u03a5\u03a1\u0399-\u0398\u0395\u03a3\u03a3\u0391\u039b\u039f\u039d\u0399\u039a\u0397\u03a3.jpg 1076w, https:\/\/yiayiapies.com\/wp-content\/uploads\/2024\/11\/yiayia-pies-\u039a\u039f\u03a5\u039b\u039f\u03a5\u03a1\u0399-\u0398\u0395\u03a3\u03a3\u0391\u039b\u039f\u039d\u0399\u039a\u0397\u03a3-1033x1536.jpg 1033w, https:\/\/yiayiapies.com\/wp-content\/uploads\/2024\/11\/yiayia-pies-\u039a\u039f\u03a5\u039b\u039f\u03a5\u03a1\u0399-\u0398\u0395\u03a3\u03a3\u0391\u039b\u039f\u039d\u0399\u039a\u0397\u03a3-8x12.jpg 8w\" sizes=\"(max-width: 1076px) 100vw, 1076px\" \/>\t\t\t\t\t\t\t\t\t\t\t\t\t\t\t<\/div>\r\n\t\t\t\t<\/div>\r\n\t\t\t\t\t<\/div>\r\n\t\t<\/div>\r\n\t\t\t\t\t\t\t<\/div>\r\n\t\t<\/section>\r\n\t\t\t\t\t<\/div>\r\n\t\t<\/div>\r\n\t\t\t\t\t\t\t<\/div>\r\n\t\t<\/section>\r\n\t\t\t\t<section class=\"elementor-section elementor-top-section elementor-element elementor-element-9778bba elementor-section-boxed elementor-section-height-default elementor-section-height-default\" data-id=\"9778bba\" data-element_type=\"section\">\r\n\t\t\t\t\t\t<div class=\"elementor-container elementor-column-gap-default\">\r\n\t\t\t\t\t<div class=\"elementor-column elementor-col-100 elementor-top-column elementor-element elementor-element-71319dc lakit-col-width-auto-no\" data-id=\"71319dc\" data-element_type=\"column\">\r\n\t\t\t<div class=\"elementor-widget-wrap elementor-element-populated\">\r\n\t\t\t\t\t\t\t\t<section class=\"elementor-section elementor-inner-section elementor-element elementor-element-0edf78f elementor-section-content-middle elementor-reverse-mobile elementor-section-boxed elementor-section-height-default elementor-section-height-default\" data-id=\"0edf78f\" data-element_type=\"section\">\r\n\t\t\t\t\t\t<div class=\"elementor-container elementor-column-gap-default\">\r\n\t\t\t\t\t<div class=\"elementor-column elementor-col-50 elementor-inner-column elementor-element elementor-element-d751f5b lakit-col-width-auto-no\" data-id=\"d751f5b\" data-element_type=\"column\">\r\n\t\t\t<div class=\"elementor-widget-wrap elementor-element-populated\">\r\n\t\t\t\t\t\t\t\t<div class=\"elementor-element elementor-element-fdedaf7 elementor-widget elementor-widget-image\" data-id=\"fdedaf7\" data-element_type=\"widget\" data-widget_type=\"image.default\">\r\n\t\t\t\t<div class=\"elementor-widget-container\">\r\n\t\t\t\t\t\t\t\t\t\t\t\t\t\t\t<img decoding=\"async\" width=\"1076\" height=\"1600\" src=\"https:\/\/yiayiapies.com\/wp-content\/uploads\/2024\/11\/yiayia-pies-\u039a\u039f\u03a5\u039b\u039f\u03a5\u03a1\u0399-\u0398\u0395\u03a3\u03a3\u0391\u039b\u039f\u039d\u0399\u039a\u0397\u03a3-\u039f\u039b\u0399\u039a\u0397\u03a3.jpg\" class=\"attachment-large size-large wp-image-7904\" alt=\"\" srcset=\"https:\/\/yiayiapies.com\/wp-content\/uploads\/2024\/11\/yiayia-pies-\u039a\u039f\u03a5\u039b\u039f\u03a5\u03a1\u0399-\u0398\u0395\u03a3\u03a3\u0391\u039b\u039f\u039d\u0399\u039a\u0397\u03a3-\u039f\u039b\u0399\u039a\u0397\u03a3.jpg 1076w, https:\/\/yiayiapies.com\/wp-content\/uploads\/2024\/11\/yiayia-pies-\u039a\u039f\u03a5\u039b\u039f\u03a5\u03a1\u0399-\u0398\u0395\u03a3\u03a3\u0391\u039b\u039f\u039d\u0399\u039a\u0397\u03a3-\u039f\u039b\u0399\u039a\u0397\u03a3-1033x1536.jpg 1033w, https:\/\/yiayiapies.com\/wp-content\/uploads\/2024\/11\/yiayia-pies-\u039a\u039f\u03a5\u039b\u039f\u03a5\u03a1\u0399-\u0398\u0395\u03a3\u03a3\u0391\u039b\u039f\u039d\u0399\u039a\u0397\u03a3-\u039f\u039b\u0399\u039a\u0397\u03a3-8x12.jpg 8w\" sizes=\"(max-width: 1076px) 100vw, 1076px\" \/>\t\t\t\t\t\t\t\t\t\t\t\t\t\t\t<\/div>\r\n\t\t\t\t<\/div>\r\n\t\t\t\t\t<\/div>\r\n\t\t<\/div>\r\n\t\t\t\t<div class=\"elementor-column elementor-col-50 elementor-inner-column elementor-element elementor-element-9bdb312 lakit-col-width-auto-no\" data-id=\"9bdb312\" data-element_type=\"column\">\r\n\t\t\t<div class=\"elementor-widget-wrap elementor-element-populated\">\r\n\t\t\t\t\t\t\t\t<div class=\"elementor-element elementor-element-010a5fc elementor-widget elementor-widget-heading\" data-id=\"010a5fc\" data-element_type=\"widget\" data-widget_type=\"heading.default\">\r\n\t\t\t\t<div class=\"elementor-widget-container\">\r\n\t\t\t<h4 class=\"elementor-heading-title elementor-size-default\">KOULOURI AU BL\u00c9 COMPLET<\/h4>\t\t<\/div>\r\n\t\t\t\t<\/div>\r\n\t\t\t\t<div class=\"elementor-element elementor-element-93226a0 elementor-widget elementor-widget-text-editor\" data-id=\"93226a0\" data-element_type=\"widget\" data-widget_type=\"text-editor.default\">\r\n\t\t\t\t<div class=\"elementor-widget-container\">\r\n\t\t\t\t\t\t\t<p>P\u00e2te : Farine de bl\u00e9 entier, farine de bl\u00e9, eau, levure, sel, sucre, huile de tournesol, levain, malt<br \/>Garniture : S\u00e9same, avoine<br \/>Allerg\u00e8nes : Contient du gluten et du s\u00e9same<\/p>\t\t\t\t\t\t<\/div>\r\n\t\t\t\t<\/div>\r\n\t\t\t\t\t<\/div>\r\n\t\t<\/div>\r\n\t\t\t\t\t\t\t<\/div>\r\n\t\t<\/section>\r\n\t\t\t\t\t<\/div>\r\n\t\t<\/div>\r\n\t\t\t\t\t\t\t<\/div>\r\n\t\t<\/section>\r\n\t\t\t\t<section class=\"elementor-section elementor-top-section elementor-element elementor-element-c527c33 elementor-section-boxed elementor-section-height-default elementor-section-height-default\" data-id=\"c527c33\" data-element_type=\"section\">\r\n\t\t\t\t\t\t<div class=\"elementor-container elementor-column-gap-default\">\r\n\t\t\t\t\t<div class=\"elementor-column elementor-col-100 elementor-top-column elementor-element elementor-element-353f0b3 lakit-col-width-auto-no\" data-id=\"353f0b3\" data-element_type=\"column\">\r\n\t\t\t<div class=\"elementor-widget-wrap elementor-element-populated\">\r\n\t\t\t\t\t\t\t\t<section class=\"elementor-section elementor-inner-section elementor-element elementor-element-e7868e7 elementor-section-content-middle elementor-section-boxed elementor-section-height-default elementor-section-height-default\" data-id=\"e7868e7\" data-element_type=\"section\">\r\n\t\t\t\t\t\t<div class=\"elementor-container elementor-column-gap-default\">\r\n\t\t\t\t\t<div class=\"elementor-column elementor-col-50 elementor-inner-column elementor-element elementor-element-2944cc4 lakit-col-width-auto-no\" data-id=\"2944cc4\" data-element_type=\"column\">\r\n\t\t\t<div class=\"elementor-widget-wrap elementor-element-populated\">\r\n\t\t\t\t\t\t\t\t<div class=\"elementor-element elementor-element-e931463 elementor-widget elementor-widget-heading\" data-id=\"e931463\" data-element_type=\"widget\" data-widget_type=\"heading.default\">\r\n\t\t\t\t<div class=\"elementor-widget-container\">\r\n\t\t\t<h4 class=\"elementor-heading-title elementor-size-default\">KOULOURI AUX RAISINS SECS<\/h4>\t\t<\/div>\r\n\t\t\t\t<\/div>\r\n\t\t\t\t<div class=\"elementor-element elementor-element-c478461 elementor-widget elementor-widget-text-editor\" data-id=\"c478461\" data-element_type=\"widget\" data-widget_type=\"text-editor.default\">\r\n\t\t\t\t<div class=\"elementor-widget-container\">\r\n\t\t\t\t\t\t\t<p>P\u00e2te : Farine de bl\u00e9, eau, levure, sel, sucre, huile de tournesol, raisins secs, orange<br \/>Garniture : S\u00e9same<br \/>Allerg\u00e8nes : Contient du gluten, des raisins secs et du s\u00e9same<\/p>\t\t\t\t\t\t<\/div>\r\n\t\t\t\t<\/div>\r\n\t\t\t\t\t<\/div>\r\n\t\t<\/div>\r\n\t\t\t\t<div class=\"elementor-column elementor-col-50 elementor-inner-column elementor-element elementor-element-5ff6e96 lakit-col-width-auto-no\" data-id=\"5ff6e96\" data-element_type=\"column\">\r\n\t\t\t<div class=\"elementor-widget-wrap elementor-element-populated\">\r\n\t\t\t\t\t\t\t\t<div class=\"elementor-element elementor-element-3b32214 elementor-widget elementor-widget-image\" data-id=\"3b32214\" data-element_type=\"widget\" data-widget_type=\"image.default\">\r\n\t\t\t\t<div class=\"elementor-widget-container\">\r\n\t\t\t\t\t\t\t\t\t\t\t\t\t\t\t<img decoding=\"async\" width=\"1076\" height=\"1600\" src=\"https:\/\/yiayiapies.com\/wp-content\/uploads\/2024\/11\/yiayia-pies-\u039a\u039f\u03a5\u039b\u039f\u03a5\u03a1\u0399-\u0398\u0395\u03a3\u03a3\u0391\u039b\u039f\u039d\u0399\u039a\u0397\u03a3-\u03a3\u03a4\u0391\u03a6\u0399\u0394\u0395\u03a3.jpg\" class=\"attachment-large size-large wp-image-7905\" alt=\"\" srcset=\"https:\/\/yiayiapies.com\/wp-content\/uploads\/2024\/11\/yiayia-pies-\u039a\u039f\u03a5\u039b\u039f\u03a5\u03a1\u0399-\u0398\u0395\u03a3\u03a3\u0391\u039b\u039f\u039d\u0399\u039a\u0397\u03a3-\u03a3\u03a4\u0391\u03a6\u0399\u0394\u0395\u03a3.jpg 1076w, https:\/\/yiayiapies.com\/wp-content\/uploads\/2024\/11\/yiayia-pies-\u039a\u039f\u03a5\u039b\u039f\u03a5\u03a1\u0399-\u0398\u0395\u03a3\u03a3\u0391\u039b\u039f\u039d\u0399\u039a\u0397\u03a3-\u03a3\u03a4\u0391\u03a6\u0399\u0394\u0395\u03a3-1033x1536.jpg 1033w, https:\/\/yiayiapies.com\/wp-content\/uploads\/2024\/11\/yiayia-pies-\u039a\u039f\u03a5\u039b\u039f\u03a5\u03a1\u0399-\u0398\u0395\u03a3\u03a3\u0391\u039b\u039f\u039d\u0399\u039a\u0397\u03a3-\u03a3\u03a4\u0391\u03a6\u0399\u0394\u0395\u03a3-8x12.jpg 8w\" sizes=\"(max-width: 1076px) 100vw, 1076px\" \/>\t\t\t\t\t\t\t\t\t\t\t\t\t\t\t<\/div>\r\n\t\t\t\t<\/div>\r\n\t\t\t\t\t<\/div>\r\n\t\t<\/div>\r\n\t\t\t\t\t\t\t<\/div>\r\n\t\t<\/section>\r\n\t\t\t\t\t<\/div>\r\n\t\t<\/div>\r\n\t\t\t\t\t\t\t<\/div>\r\n\t\t<\/section>\r\n\t\t\t\t\t\t\t<\/div>","protected":false},"excerpt":{"rendered":"<p>\u039a\u039f\u03a5\u039b\u039f\u03a5\u03a1\u0399 \u0398\u03b5\u03c3\u03c3\u03b1\u03bb\u03bf\u03bd\u03af\u03ba\u03b7\u03c2 \u039a\u039f\u03a5\u039b\u039f\u03a5\u03a1\u0399 \u0398\u0395\u03a3\u03a3\u0391\u039b\u039f\u039d\u0399\u039a\u0397\u03a3 \/ \u039a\u039f\u03a5\u039b\u039f\u03a5\u03a1\u0399 \u039f\u039b\u0399\u039a\u0397\u03a3 \u0391\u039b\u0395\u03a3\u0395\u03a9\u03a3 \/ \u039a\u039f\u03a5\u039b\u039f\u03a5\u03a1\u0399 \u039c\u0395 \u03a3\u03a4\u0391\u03a6\u0399\u0394\u0391 \u0398\u03b5\u03c1\u03bc\u03bf\u03ba\u03c1\u03b1\u03c3\u03af\u03b1 \u03c8\u03b7\u03c3\u03af\u03bc\u03b1\u03c4\u03bf\u03c2: 180\u00b0C\u03a7\u03c1\u03cc\u03bd\u03bf\u03c2 \u03c8\u03b7\u03c3\u03af\u03bc\u03b1\u03c4\u03bf\u03c2: 10&#8242;\u03a7\u03b5\u03b9\u03c1\u03bf\u03c0\u03bf\u03af\u03b7\u03c4\u03bf\u03a7\u03c9\u03c1\u03af\u03c2 \u03c0\u03c1\u03cc\u03c3\u03b8\u03b5\u03c4\u03b1 \u03c3\u03c5\u03bd\u03c4\u03b7\u03c1\u03b7\u03c4\u03b9\u03ba\u03ac \u0391\u03c0\u03bf\u03bb\u03b1\u03cd\u03c3\u03c4\u03b5 [&hellip;]<\/p>","protected":false},"author":2,"featured_media":0,"parent":0,"menu_order":0,"comment_status":"closed","ping_status":"closed","template":"","meta":{"_monsterinsights_skip_tracking":false,"_monsterinsights_sitenote_active":false,"_monsterinsights_sitenote_note":"","_monsterinsights_sitenote_category":0,"footnotes":""},"class_list":["post-7487","page","type-page","status-publish","hentry"],"aioseo_notices":[],"_links":{"self":[{"href":"https:\/\/yiayiapies.com\/fr\/wp-json\/wp\/v2\/pages\/7487","targetHints":{"allow":["GET"]}}],"collection":[{"href":"https:\/\/yiayiapies.com\/fr\/wp-json\/wp\/v2\/pages"}],"about":[{"href":"https:\/\/yiayiapies.com\/fr\/wp-json\/wp\/v2\/types\/page"}],"author":[{"embeddable":true,"href":"https:\/\/yiayiapies.com\/fr\/wp-json\/wp\/v2\/users\/2"}],"replies":[{"embeddable":true,"href":"https:\/\/yiayiapies.com\/fr\/wp-json\/wp\/v2\/comments?post=7487"}],"version-history":[{"count":31,"href":"https:\/\/yiayiapies.com\/fr\/wp-json\/wp\/v2\/pages\/7487\/revisions"}],"predecessor-version":[{"id":8124,"href":"https:\/\/yiayiapies.com\/fr\/wp-json\/wp\/v2\/pages\/7487\/revisions\/8124"}],"wp:attachment":[{"href":"https:\/\/yiayiapies.com\/fr\/wp-json\/wp\/v2\/media?parent=7487"}],"curies":[{"name":"wp","href":"https:\/\/api.w.org\/{rel}","templated":true}]}}