{"id":7476,"date":"2024-10-30T16:14:29","date_gmt":"2024-10-30T14:14:29","guid":{"rendered":"https:\/\/yiayiapies.com\/?page_id=7476"},"modified":"2024-11-18T13:30:03","modified_gmt":"2024-11-18T11:30:03","slug":"%cf%87%ce%b5%ce%b9%cf%81%ce%bf%cf%80%ce%bf%ce%af%ce%b7%cf%84%ce%b5%cf%82-%ce%bc%cf%80%ce%bf%cf%85%ce%b3%ce%ac%cf%84%cf%83%ce%b5%cf%82-horeca","status":"publish","type":"page","link":"https:\/\/yiayiapies.com\/fr\/bougatsas-artisanales-horeca\/","title":{"rendered":"Bougatsas Artisanales"},"content":{"rendered":"<div data-elementor-type=\"wp-page\" data-elementor-id=\"7476\" class=\"elementor elementor-7476\" data-elementor-post-type=\"page\">\r\n\t\t\t\t\t\t\t\t\t<section class=\"elementor-section elementor-top-section elementor-element elementor-element-42e25ee elementor-section-height-min-height elementor-section-items-bottom elementor-section-boxed elementor-section-height-default\" data-id=\"42e25ee\" data-element_type=\"section\" data-settings=\"{&quot;background_background&quot;:&quot;classic&quot;}\">\r\n\t\t\t\t\t\t\t<div class=\"elementor-background-overlay\"><\/div>\r\n\t\t\t\t\t\t\t<div class=\"elementor-container elementor-column-gap-default\">\r\n\t\t\t\t\t<div class=\"elementor-column elementor-col-100 elementor-top-column elementor-element elementor-element-62fe114 lakit-col-width-auto-no\" data-id=\"62fe114\" data-element_type=\"column\" data-settings=\"{&quot;background_background&quot;:&quot;classic&quot;}\">\r\n\t\t\t<div class=\"elementor-widget-wrap elementor-element-populated\">\r\n\t\t\t\t\t<div class=\"elementor-background-overlay\"><\/div>\r\n\t\t\t\t\t\t\t\t<div class=\"elementor-element elementor-element-73043ea elementor-widget elementor-widget-text-editor\" data-id=\"73043ea\" data-element_type=\"widget\" data-widget_type=\"text-editor.default\">\r\n\t\t\t\t<div class=\"elementor-widget-container\">\r\n\t\t\t<style>\/*! elementor - v3.18.0 - 06-12-2023 *\/\n.elementor-widget-text-editor.elementor-drop-cap-view-stacked .elementor-drop-cap{background-color:#69727d;color:#fff}.elementor-widget-text-editor.elementor-drop-cap-view-framed .elementor-drop-cap{color:#69727d;border:3px solid;background-color:transparent}.elementor-widget-text-editor:not(.elementor-drop-cap-view-default) .elementor-drop-cap{margin-top:8px}.elementor-widget-text-editor:not(.elementor-drop-cap-view-default) .elementor-drop-cap-letter{width:1em;height:1em}.elementor-widget-text-editor .elementor-drop-cap{float:left;text-align:center;line-height:1;font-size:50px}.elementor-widget-text-editor .elementor-drop-cap-letter{display:inline-block}<\/style><style>.elementor-element-73043ea{display:none !important}<\/style>\t\t<\/div>\r\n\t\t\t\t<\/div>\r\n\t\t\t\t<div class=\"elementor-element elementor-element-77d828c elementor-widget elementor-widget-heading\" data-id=\"77d828c\" data-element_type=\"widget\" data-widget_type=\"heading.default\">\r\n\t\t\t\t<div class=\"elementor-widget-container\">\r\n\t\t\t<style>\/*! elementor - v3.18.0 - 06-12-2023 *\/\n.elementor-heading-title{padding:0;margin:0;line-height:1}.elementor-widget-heading .elementor-heading-title[class*=elementor-size-]>a{color:inherit;font-size:inherit;line-height:inherit}.elementor-widget-heading .elementor-heading-title.elementor-size-small{font-size:15px}.elementor-widget-heading .elementor-heading-title.elementor-size-medium{font-size:19px}.elementor-widget-heading .elementor-heading-title.elementor-size-large{font-size:29px}.elementor-widget-heading .elementor-heading-title.elementor-size-xl{font-size:39px}.elementor-widget-heading .elementor-heading-title.elementor-size-xxl{font-size:59px}<\/style><h1 class=\"elementor-heading-title elementor-size-default\">Bougatsas<\/h1>\t\t<\/div>\r\n\t\t\t\t<\/div>\r\n\t\t\t\t<div class=\"elementor-element elementor-element-8815b98 elementor-widget elementor-widget-text-editor\" data-id=\"8815b98\" data-element_type=\"widget\" data-widget_type=\"text-editor.default\">\r\n\t\t\t\t<div class=\"elementor-widget-container\">\r\n\t\t\t\t\t\t\t<p>Artisanales<\/p>\t\t\t\t\t\t<\/div>\r\n\t\t\t\t<\/div>\r\n\t\t\t\t<div class=\"elementor-element elementor-element-f7a53c6 elementor-widget elementor-widget-text-editor\" data-id=\"f7a53c6\" data-element_type=\"widget\" data-widget_type=\"text-editor.default\">\r\n\t\t\t\t<div class=\"elementor-widget-container\">\r\n\t\t\t\t\t\t\t<p>1280gr\/500gr<\/p>\t\t\t\t\t\t<\/div>\r\n\t\t\t\t<\/div>\r\n\t\t\t\t\t<\/div>\r\n\t\t<\/div>\r\n\t\t\t\t\t\t\t<\/div>\r\n\t\t<\/section>\r\n\t\t\t\t<section class=\"elementor-section elementor-top-section elementor-element elementor-element-705702e elementor-section-boxed elementor-section-height-default elementor-section-height-default\" data-id=\"705702e\" data-element_type=\"section\" data-settings=\"{&quot;background_background&quot;:&quot;classic&quot;}\">\r\n\t\t\t\t\t\t<div class=\"elementor-container elementor-column-gap-default\">\r\n\t\t\t\t\t<div class=\"elementor-column elementor-col-100 elementor-top-column elementor-element elementor-element-0903911 lakit-col-width-auto-no\" data-id=\"0903911\" data-element_type=\"column\">\r\n\t\t\t<div class=\"elementor-widget-wrap elementor-element-populated\">\r\n\t\t\t\t\t\t\t\t<div class=\"elementor-element elementor-element-c1395f7 elementor-widget elementor-widget-heading\" data-id=\"c1395f7\" data-element_type=\"widget\" data-widget_type=\"heading.default\">\r\n\t\t\t\t<div class=\"elementor-widget-container\">\r\n\t\t\t<h2 class=\"elementor-heading-title elementor-size-default\">BOUGATSAS ARTISANALES 1280gr\/500gr<\/h2>\t\t<\/div>\r\n\t\t\t\t<\/div>\r\n\t\t\t\t<section class=\"elementor-section elementor-inner-section elementor-element elementor-element-ddf90e2 elementor-section-boxed elementor-section-height-default elementor-section-height-default\" data-id=\"ddf90e2\" data-element_type=\"section\">\r\n\t\t\t\t\t\t<div class=\"elementor-container elementor-column-gap-default\">\r\n\t\t\t\t\t<div class=\"elementor-column elementor-col-33 elementor-inner-column elementor-element elementor-element-d917298 lakit-col-width-auto-no\" data-id=\"d917298\" data-element_type=\"column\">\r\n\t\t\t<div class=\"elementor-widget-wrap elementor-element-populated\">\r\n\t\t\t\t\t\t\t\t<div class=\"elementor-element elementor-element-370f6a6 elementor-widget elementor-widget-text-editor\" data-id=\"370f6a6\" data-element_type=\"widget\" data-widget_type=\"text-editor.default\">\r\n\t\t\t\t<div class=\"elementor-widget-container\">\r\n\t\t\t\t\t\t\t<p>Temp\u00e9rature de cuisson: 180\u00b0C<br \/>Temps de cuisson: 35-40 minutes<br \/>Aucune d\u00e9cong\u00e9lation n\u2019est n\u00e9cessaire.<br \/><br \/><\/p>\t\t\t\t\t\t<\/div>\r\n\t\t\t\t<\/div>\r\n\t\t\t\t\t<\/div>\r\n\t\t<\/div>\r\n\t\t\t\t<div class=\"elementor-column elementor-col-33 elementor-inner-column elementor-element elementor-element-088adbc lakit-col-width-auto-no\" data-id=\"088adbc\" data-element_type=\"column\">\r\n\t\t\t<div class=\"elementor-widget-wrap elementor-element-populated\">\r\n\t\t\t\t\t\t\t\t<div class=\"elementor-element elementor-element-a710cf3 elementor-widget elementor-widget-heading\" data-id=\"a710cf3\" data-element_type=\"widget\" data-widget_type=\"heading.default\">\r\n\t\t\t\t<div class=\"elementor-widget-container\">\r\n\t\t\t<h3 class=\"elementor-heading-title elementor-size-default\">1280gr<\/h3>\t\t<\/div>\r\n\t\t\t\t<\/div>\r\n\t\t\t\t<div class=\"elementor-element elementor-element-f07dd2b elementor-widget elementor-widget-text-editor\" data-id=\"f07dd2b\" data-element_type=\"widget\" data-widget_type=\"text-editor.default\">\r\n\t\t\t\t<div class=\"elementor-widget-container\">\r\n\t\t\t\t\t\t\t<p>1280gr. \/\u03c4\u03bc\u03c7 <br \/>8 unit\u00e9s \/ bo\u00eete<\/p>\t\t\t\t\t\t<\/div>\r\n\t\t\t\t<\/div>\r\n\t\t\t\t\t<\/div>\r\n\t\t<\/div>\r\n\t\t\t\t<div class=\"elementor-column elementor-col-33 elementor-inner-column elementor-element elementor-element-8c9d3db lakit-col-width-auto-no\" data-id=\"8c9d3db\" data-element_type=\"column\">\r\n\t\t\t<div class=\"elementor-widget-wrap elementor-element-populated\">\r\n\t\t\t\t\t\t\t\t<div class=\"elementor-element elementor-element-6c667a2 elementor-widget elementor-widget-heading\" data-id=\"6c667a2\" data-element_type=\"widget\" data-widget_type=\"heading.default\">\r\n\t\t\t\t<div class=\"elementor-widget-container\">\r\n\t\t\t<h3 class=\"elementor-heading-title elementor-size-default\">500gr<\/h3>\t\t<\/div>\r\n\t\t\t\t<\/div>\r\n\t\t\t\t<div class=\"elementor-element elementor-element-d3cea46 elementor-widget elementor-widget-text-editor\" data-id=\"d3cea46\" data-element_type=\"widget\" data-widget_type=\"text-editor.default\">\r\n\t\t\t\t<div class=\"elementor-widget-container\">\r\n\t\t\t\t\t\t\t<p>500gr. \/\u03c4\u03bc\u03c7<br \/>16 unit\u00e9s \/ bo\u00eete<\/p>\t\t\t\t\t\t<\/div>\r\n\t\t\t\t<\/div>\r\n\t\t\t\t\t<\/div>\r\n\t\t<\/div>\r\n\t\t\t\t\t\t\t<\/div>\r\n\t\t<\/section>\r\n\t\t\t\t\t<\/div>\r\n\t\t<\/div>\r\n\t\t\t\t\t\t\t<\/div>\r\n\t\t<\/section>\r\n\t\t\t\t<section class=\"elementor-section elementor-top-section elementor-element elementor-element-c118d29 elementor-section-boxed elementor-section-height-default elementor-section-height-default\" data-id=\"c118d29\" data-element_type=\"section\">\r\n\t\t\t\t\t\t<div class=\"elementor-container elementor-column-gap-default\">\r\n\t\t\t\t\t<div class=\"elementor-column elementor-col-100 elementor-top-column elementor-element elementor-element-3e31432 lakit-col-width-auto-no\" data-id=\"3e31432\" data-element_type=\"column\">\r\n\t\t\t<div class=\"elementor-widget-wrap elementor-element-populated\">\r\n\t\t\t\t\t\t\t\t<div class=\"elementor-element elementor-element-041723f elementor-widget elementor-widget-heading\" data-id=\"041723f\" data-element_type=\"widget\" data-widget_type=\"heading.default\">\r\n\t\t\t\t<div class=\"elementor-widget-container\">\r\n\t\t\t<h4 class=\"elementor-heading-title elementor-size-default\">BOUGATSA \u00c0 LA CR\u00c8ME<\/h4>\t\t<\/div>\r\n\t\t\t\t<\/div>\r\n\t\t\t\t<div class=\"elementor-element elementor-element-4706eb1 elementor-widget elementor-widget-text-editor\" data-id=\"4706eb1\" data-element_type=\"widget\" data-widget_type=\"text-editor.default\">\r\n\t\t\t\t<div class=\"elementor-widget-container\">\r\n\t\t\t\t\t\t\t<p>La Bougatsa de Yiayia, compos\u00e9e d'une double p\u00e2te filo artisanal et d'un \nfourrage \u00e0 la cr\u00e8me \u00e0 base de lait frais \u00e0 100 %, est un chef-d'\u0153uvre sucr\u00e9 unique \nid\u00e9al pour votre petit-d\u00e9jeuner !<\/p>\t\t\t\t\t\t<\/div>\r\n\t\t\t\t<\/div>\r\n\t\t\t\t<div class=\"elementor-element elementor-element-d2d09c6 elementor-widget elementor-widget-image\" data-id=\"d2d09c6\" data-element_type=\"widget\" data-widget_type=\"image.default\">\r\n\t\t\t\t<div class=\"elementor-widget-container\">\r\n\t\t\t<style>\/*! elementor - v3.18.0 - 06-12-2023 *\/\n.elementor-widget-image{text-align:center}.elementor-widget-image a{display:inline-block}.elementor-widget-image a img[src$=\".svg\"]{width:48px}.elementor-widget-image img{vertical-align:middle;display:inline-block}<\/style>\t\t\t\t\t\t\t\t\t\t\t\t<img fetchpriority=\"high\" decoding=\"async\" width=\"1600\" height=\"1067\" src=\"https:\/\/yiayiapies.com\/wp-content\/uploads\/2024\/11\/yiayia-pies-\u039c\u03a0\u039f\u03a5\u0393\u0391\u03a4\u03a3\u0391-\u039a\u03a1\u0395\u039c\u0391.jpg\" class=\"attachment-large size-large wp-image-7869\" alt=\"\" srcset=\"https:\/\/yiayiapies.com\/wp-content\/uploads\/2024\/11\/yiayia-pies-\u039c\u03a0\u039f\u03a5\u0393\u0391\u03a4\u03a3\u0391-\u039a\u03a1\u0395\u039c\u0391.jpg 1600w, https:\/\/yiayiapies.com\/wp-content\/uploads\/2024\/11\/yiayia-pies-\u039c\u03a0\u039f\u03a5\u0393\u0391\u03a4\u03a3\u0391-\u039a\u03a1\u0395\u039c\u0391-1536x1024.jpg 1536w, https:\/\/yiayiapies.com\/wp-content\/uploads\/2024\/11\/yiayia-pies-\u039c\u03a0\u039f\u03a5\u0393\u0391\u03a4\u03a3\u0391-\u039a\u03a1\u0395\u039c\u0391-18x12.jpg 18w\" sizes=\"(max-width: 1600px) 100vw, 1600px\" \/>\t\t\t\t\t\t\t\t\t\t\t\t\t\t\t<\/div>\r\n\t\t\t\t<\/div>\r\n\t\t\t\t<div class=\"elementor-element elementor-element-88b6efa elementor-widget elementor-widget-image-gallery\" data-id=\"88b6efa\" data-element_type=\"widget\" data-widget_type=\"image-gallery.default\">\r\n\t\t\t\t<div class=\"elementor-widget-container\">\r\n\t\t\t<style>.elementor-image-gallery .gallery-item{display:inline-block;text-align:center;vertical-align:top;width:100%;max-width:100%;margin:0 auto}.elementor-image-gallery .gallery-item img{margin:0 auto}.elementor-image-gallery .gallery-item .gallery-caption{margin:0}.elementor-image-gallery figure img{display:block}.elementor-image-gallery figure figcaption{width:100%}.gallery-spacing-custom .elementor-image-gallery .gallery-icon{padding:0}@media (min-width:768px){.elementor-image-gallery .gallery-columns-2 .gallery-item{max-width:50%}.elementor-image-gallery .gallery-columns-3 .gallery-item{max-width:33.33%}.elementor-image-gallery .gallery-columns-4 .gallery-item{max-width:25%}.elementor-image-gallery .gallery-columns-5 .gallery-item{max-width:20%}.elementor-image-gallery .gallery-columns-6 .gallery-item{max-width:16.666%}.elementor-image-gallery .gallery-columns-7 .gallery-item{max-width:14.28%}.elementor-image-gallery .gallery-columns-8 .gallery-item{max-width:12.5%}.elementor-image-gallery .gallery-columns-9 .gallery-item{max-width:11.11%}.elementor-image-gallery .gallery-columns-10 .gallery-item{max-width:10%}}@media (min-width:480px) and (max-width:767px){.elementor-image-gallery .gallery.gallery-columns-2 .gallery-item,.elementor-image-gallery .gallery.gallery-columns-3 .gallery-item,.elementor-image-gallery .gallery.gallery-columns-4 .gallery-item,.elementor-image-gallery .gallery.gallery-columns-5 .gallery-item,.elementor-image-gallery .gallery.gallery-columns-6 .gallery-item,.elementor-image-gallery .gallery.gallery-columns-7 .gallery-item,.elementor-image-gallery .gallery.gallery-columns-8 .gallery-item,.elementor-image-gallery .gallery.gallery-columns-9 .gallery-item,.elementor-image-gallery .gallery.gallery-columns-10 .gallery-item{max-width:50%}}@media (max-width:479px){.elementor-image-gallery .gallery.gallery-columns-2 .gallery-item,.elementor-image-gallery .gallery.gallery-columns-3 .gallery-item,.elementor-image-gallery .gallery.gallery-columns-4 .gallery-item,.elementor-image-gallery .gallery.gallery-columns-5 .gallery-item,.elementor-image-gallery .gallery.gallery-columns-6 .gallery-item,.elementor-image-gallery .gallery.gallery-columns-7 .gallery-item,.elementor-image-gallery .gallery.gallery-columns-8 .gallery-item,.elementor-image-gallery .gallery.gallery-columns-9 .gallery-item,.elementor-image-gallery .gallery.gallery-columns-10 .gallery-item{max-width:100%}}<\/style>\t\t<div class=\"elementor-image-gallery\">\r\n\t\t\t\n\t\t<style type=\"text\/css\">\n\t\t\t#gallery-1 {\n\t\t\t\tmargin: auto;\n\t\t\t}\n\t\t\t#gallery-1 .gallery-item {\n\t\t\t\tfloat: left;\n\t\t\t\tmargin-top: 10px;\n\t\t\t\ttext-align: center;\n\t\t\t\twidth: 33%;\n\t\t\t}\n\t\t\t#gallery-1 img {\n\t\t\t\tborder: 2px solid #cfcfcf;\n\t\t\t}\n\t\t\t#gallery-1 .gallery-caption {\n\t\t\t\tmargin-left: 0;\n\t\t\t}\n\t\t\t\/* see gallery_shortcode() in wp-includes\/media.php *\/\n\t\t<\/style>\n\t\t<div id='gallery-1' class='gallery galleryid-7476 gallery-columns-3 gallery-size-woocommerce_gallery_thumbnail'><dl class='gallery-item'>\n\t\t\t<dt class='gallery-icon landscape'>\n\t\t\t\t<a data-elementor-open-lightbox=\"yes\" data-elementor-lightbox-slideshow=\"88b6efa\" data-elementor-lightbox-title=\"yiayia pies \u039c\u03a0\u039f\u03a5\u0393\u0391\u03a4\u03a3\u0391 \u0391\u03a7\u039d\u0397 \u039a\u0391\u039d\u0395\u039b\u0391\" data-e-action-hash=\"#elementor-action%3Aaction%3Dlightbox%26settings%3DeyJpZCI6Nzg3NywidXJsIjoiaHR0cHM6XC9cL3lpYXlpYXBpZXMuY29tXC93cC1jb250ZW50XC91cGxvYWRzXC8yMDI0XC8xMVwveWlheWlhLXBpZXMtXHUwMzljXHUwM2EwXHUwMzlmXHUwM2E1XHUwMzkzXHUwMzkxXHUwM2E0XHUwM2EzXHUwMzkxLVx1MDM5MVx1MDNhN1x1MDM5ZFx1MDM5Ny1cdTAzOWFcdTAzOTFcdTAzOWRcdTAzOTVcdTAzOWJcdTAzOTEuanBnIiwic2xpZGVzaG93IjoiODhiNmVmYSJ9\" href='https:\/\/yiayiapies.com\/wp-content\/uploads\/2024\/11\/yiayia-pies-\u039c\u03a0\u039f\u03a5\u0393\u0391\u03a4\u03a3\u0391-\u0391\u03a7\u039d\u0397-\u039a\u0391\u039d\u0395\u039b\u0391.jpg'><img decoding=\"async\" width=\"600\" height=\"600\" src=\"https:\/\/yiayiapies.com\/wp-content\/uploads\/2024\/11\/yiayia-pies-\u039c\u03a0\u039f\u03a5\u0393\u0391\u03a4\u03a3\u0391-\u0391\u03a7\u039d\u0397-\u039a\u0391\u039d\u0395\u039b\u0391-600x600.jpg\" class=\"attachment-woocommerce_gallery_thumbnail size-woocommerce_gallery_thumbnail\" alt=\"yiayia pies \u039c\u03a0\u039f\u03a5\u0393\u0391\u03a4\u03a3\u0391 \u0391\u03a7\u039d\u0397 \u039a\u0391\u039d\u0395\u039b\u0391\" srcset=\"https:\/\/yiayiapies.com\/wp-content\/uploads\/2024\/11\/yiayia-pies-\u039c\u03a0\u039f\u03a5\u0393\u0391\u03a4\u03a3\u0391-\u0391\u03a7\u039d\u0397-\u039a\u0391\u039d\u0395\u039b\u0391-600x600.jpg 600w, https:\/\/yiayiapies.com\/wp-content\/uploads\/2024\/11\/yiayia-pies-\u039c\u03a0\u039f\u03a5\u0393\u0391\u03a4\u03a3\u0391-\u0391\u03a7\u039d\u0397-\u039a\u0391\u039d\u0395\u039b\u0391-400x400.jpg 400w, https:\/\/yiayiapies.com\/wp-content\/uploads\/2024\/11\/yiayia-pies-\u039c\u03a0\u039f\u03a5\u0393\u0391\u03a4\u03a3\u0391-\u0391\u03a7\u039d\u0397-\u039a\u0391\u039d\u0395\u039b\u0391-800x800.jpg 800w\" sizes=\"(max-width: 600px) 100vw, 600px\" \/><\/a>\n\t\t\t<\/dt><\/dl><dl class='gallery-item'>\n\t\t\t<dt class='gallery-icon landscape'>\n\t\t\t\t<a data-elementor-open-lightbox=\"yes\" data-elementor-lightbox-slideshow=\"88b6efa\" data-elementor-lightbox-title=\"yiayia pies \u039c\u03a0\u039f\u03a5\u0393\u0391\u03a4\u03a3\u0391 \u0391\u03a7\u039d\u0397 \u039a\u0391\u039d\u0395\u039b\u0391-3\" data-e-action-hash=\"#elementor-action%3Aaction%3Dlightbox%26settings%3DeyJpZCI6Nzg3OSwidXJsIjoiaHR0cHM6XC9cL3lpYXlpYXBpZXMuY29tXC93cC1jb250ZW50XC91cGxvYWRzXC8yMDI0XC8xMVwveWlheWlhLXBpZXMtXHUwMzljXHUwM2EwXHUwMzlmXHUwM2E1XHUwMzkzXHUwMzkxXHUwM2E0XHUwM2EzXHUwMzkxLVx1MDM5MVx1MDNhN1x1MDM5ZFx1MDM5Ny1cdTAzOWFcdTAzOTFcdTAzOWRcdTAzOTVcdTAzOWJcdTAzOTEtMy5qcGciLCJzbGlkZXNob3ciOiI4OGI2ZWZhIn0%3D\" href='https:\/\/yiayiapies.com\/wp-content\/uploads\/2024\/11\/yiayia-pies-\u039c\u03a0\u039f\u03a5\u0393\u0391\u03a4\u03a3\u0391-\u0391\u03a7\u039d\u0397-\u039a\u0391\u039d\u0395\u039b\u0391-3.jpg'><img decoding=\"async\" width=\"600\" height=\"600\" src=\"https:\/\/yiayiapies.com\/wp-content\/uploads\/2024\/11\/yiayia-pies-\u039c\u03a0\u039f\u03a5\u0393\u0391\u03a4\u03a3\u0391-\u0391\u03a7\u039d\u0397-\u039a\u0391\u039d\u0395\u039b\u0391-3-600x600.jpg\" class=\"attachment-woocommerce_gallery_thumbnail size-woocommerce_gallery_thumbnail\" alt=\"yiayia pies \u039c\u03a0\u039f\u03a5\u0393\u0391\u03a4\u03a3\u0391 \u0391\u03a7\u039d\u0397 \u039a\u0391\u039d\u0395\u039b\u0391-3\" srcset=\"https:\/\/yiayiapies.com\/wp-content\/uploads\/2024\/11\/yiayia-pies-\u039c\u03a0\u039f\u03a5\u0393\u0391\u03a4\u03a3\u0391-\u0391\u03a7\u039d\u0397-\u039a\u0391\u039d\u0395\u039b\u0391-3-600x600.jpg 600w, https:\/\/yiayiapies.com\/wp-content\/uploads\/2024\/11\/yiayia-pies-\u039c\u03a0\u039f\u03a5\u0393\u0391\u03a4\u03a3\u0391-\u0391\u03a7\u039d\u0397-\u039a\u0391\u039d\u0395\u039b\u0391-3-400x400.jpg 400w, https:\/\/yiayiapies.com\/wp-content\/uploads\/2024\/11\/yiayia-pies-\u039c\u03a0\u039f\u03a5\u0393\u0391\u03a4\u03a3\u0391-\u0391\u03a7\u039d\u0397-\u039a\u0391\u039d\u0395\u039b\u0391-3-800x800.jpg 800w\" sizes=\"(max-width: 600px) 100vw, 600px\" \/><\/a>\n\t\t\t<\/dt><\/dl><dl class='gallery-item'>\n\t\t\t<dt class='gallery-icon landscape'>\n\t\t\t\t<a data-elementor-open-lightbox=\"yes\" data-elementor-lightbox-slideshow=\"88b6efa\" data-elementor-lightbox-title=\"yiayia pies \u039c\u03a0\u039f\u03a5\u0393\u0391\u03a4\u03a3\u0391 \u039c\u0395\u03a1\u0399\u0394\u0391\" data-e-action-hash=\"#elementor-action%3Aaction%3Dlightbox%26settings%3DeyJpZCI6Nzg4MCwidXJsIjoiaHR0cHM6XC9cL3lpYXlpYXBpZXMuY29tXC93cC1jb250ZW50XC91cGxvYWRzXC8yMDI0XC8xMVwveWlheWlhLXBpZXMtXHUwMzljXHUwM2EwXHUwMzlmXHUwM2E1XHUwMzkzXHUwMzkxXHUwM2E0XHUwM2EzXHUwMzkxLVx1MDM5Y1x1MDM5NVx1MDNhMVx1MDM5OVx1MDM5NFx1MDM5MS5qcGciLCJzbGlkZXNob3ciOiI4OGI2ZWZhIn0%3D\" href='https:\/\/yiayiapies.com\/wp-content\/uploads\/2024\/11\/yiayia-pies-\u039c\u03a0\u039f\u03a5\u0393\u0391\u03a4\u03a3\u0391-\u039c\u0395\u03a1\u0399\u0394\u0391.jpg'><img loading=\"lazy\" decoding=\"async\" width=\"600\" height=\"600\" src=\"https:\/\/yiayiapies.com\/wp-content\/uploads\/2024\/11\/yiayia-pies-\u039c\u03a0\u039f\u03a5\u0393\u0391\u03a4\u03a3\u0391-\u039c\u0395\u03a1\u0399\u0394\u0391-600x600.jpg\" class=\"attachment-woocommerce_gallery_thumbnail size-woocommerce_gallery_thumbnail\" alt=\"yiayia pies \u039c\u03a0\u039f\u03a5\u0393\u0391\u03a4\u03a3\u0391 \u039c\u0395\u03a1\u0399\u0394\u0391\" srcset=\"https:\/\/yiayiapies.com\/wp-content\/uploads\/2024\/11\/yiayia-pies-\u039c\u03a0\u039f\u03a5\u0393\u0391\u03a4\u03a3\u0391-\u039c\u0395\u03a1\u0399\u0394\u0391-600x600.jpg 600w, https:\/\/yiayiapies.com\/wp-content\/uploads\/2024\/11\/yiayia-pies-\u039c\u03a0\u039f\u03a5\u0393\u0391\u03a4\u03a3\u0391-\u039c\u0395\u03a1\u0399\u0394\u0391-400x400.jpg 400w, https:\/\/yiayiapies.com\/wp-content\/uploads\/2024\/11\/yiayia-pies-\u039c\u03a0\u039f\u03a5\u0393\u0391\u03a4\u03a3\u0391-\u039c\u0395\u03a1\u0399\u0394\u0391-800x800.jpg 800w\" sizes=\"(max-width: 600px) 100vw, 600px\" \/><\/a>\n\t\t\t<\/dt><\/dl><br style=\"clear: both\" \/>\n\t\t<\/div>\n\t\t<\/div>\r\n\t\t\t\t<\/div>\r\n\t\t\t\t<\/div>\r\n\t\t\t\t\t<\/div>\r\n\t\t<\/div>\r\n\t\t\t\t\t\t\t<\/div>\r\n\t\t<\/section>\r\n\t\t\t\t<section class=\"elementor-section elementor-top-section elementor-element elementor-element-2901a47 elementor-section-boxed elementor-section-height-default elementor-section-height-default\" data-id=\"2901a47\" data-element_type=\"section\">\r\n\t\t\t\t\t\t<div class=\"elementor-container elementor-column-gap-default\">\r\n\t\t\t\t\t<div class=\"elementor-column elementor-col-100 elementor-top-column elementor-element elementor-element-bce9df8 lakit-col-width-auto-no\" data-id=\"bce9df8\" data-element_type=\"column\">\r\n\t\t\t<div class=\"elementor-widget-wrap elementor-element-populated\">\r\n\t\t\t\t\t\t\t\t<div class=\"elementor-element elementor-element-a32b026 elementor-widget elementor-widget-heading\" data-id=\"a32b026\" data-element_type=\"widget\" data-widget_type=\"heading.default\">\r\n\t\t\t\t<div class=\"elementor-widget-container\">\r\n\t\t\t<h4 class=\"elementor-heading-title elementor-size-default\">BOUGATSA AU FROMAGE<\/h4>\t\t<\/div>\r\n\t\t\t\t<\/div>\r\n\t\t\t\t<div class=\"elementor-element elementor-element-11111a1 elementor-widget elementor-widget-text-editor\" data-id=\"11111a1\" data-element_type=\"widget\" data-widget_type=\"text-editor.default\">\r\n\t\t\t\t<div class=\"elementor-widget-container\">\r\n\t\t\t\t\t\t\t<p>La bougatsa au fromage avec la double p\u00e2te filo de Yiayia et la d\u00e9licieuse farce au \nfromage feta et \u00e0 la mizithra nous emm\u00e8ne dans un voyage vers la tradition!<\/p>\t\t\t\t\t\t<\/div>\r\n\t\t\t\t<\/div>\r\n\t\t\t\t<div class=\"elementor-element elementor-element-24bd576 elementor-widget elementor-widget-image\" data-id=\"24bd576\" data-element_type=\"widget\" data-widget_type=\"image.default\">\r\n\t\t\t\t<div class=\"elementor-widget-container\">\r\n\t\t\t\t\t\t\t\t\t\t\t\t\t\t\t<img loading=\"lazy\" decoding=\"async\" width=\"1600\" height=\"725\" src=\"https:\/\/yiayiapies.com\/wp-content\/uploads\/2024\/11\/yiayia-pies-\u039c\u03a0\u039f\u03a5\u0393\u0391\u03a4\u03a3\u0391-\u03a4\u03a5\u03a1\u0399.jpg\" class=\"attachment-large size-large wp-image-7873\" alt=\"yiayia pies \u039c\u03a0\u039f\u03a5\u0393\u0391\u03a4\u03a3\u0391 \u03a4\u03a5\u03a1\u0399\" srcset=\"https:\/\/yiayiapies.com\/wp-content\/uploads\/2024\/11\/yiayia-pies-\u039c\u03a0\u039f\u03a5\u0393\u0391\u03a4\u03a3\u0391-\u03a4\u03a5\u03a1\u0399.jpg 1600w, https:\/\/yiayiapies.com\/wp-content\/uploads\/2024\/11\/yiayia-pies-\u039c\u03a0\u039f\u03a5\u0393\u0391\u03a4\u03a3\u0391-\u03a4\u03a5\u03a1\u0399-1536x696.jpg 1536w, https:\/\/yiayiapies.com\/wp-content\/uploads\/2024\/11\/yiayia-pies-\u039c\u03a0\u039f\u03a5\u0393\u0391\u03a4\u03a3\u0391-\u03a4\u03a5\u03a1\u0399-18x8.jpg 18w\" sizes=\"(max-width: 1600px) 100vw, 1600px\" \/>\t\t\t\t\t\t\t\t\t\t\t\t\t\t\t<\/div>\r\n\t\t\t\t<\/div>\r\n\t\t\t\t\t<\/div>\r\n\t\t<\/div>\r\n\t\t\t\t\t\t\t<\/div>\r\n\t\t<\/section>\r\n\t\t\t\t<section class=\"elementor-section elementor-top-section elementor-element elementor-element-c98021d elementor-section-height-min-height elementor-hidden-desktop elementor-hidden-laptop elementor-hidden-tablet elementor-hidden-mobile_extra elementor-hidden-mobile elementor-section-boxed elementor-section-height-default elementor-section-items-middle\" data-id=\"c98021d\" data-element_type=\"section\" data-settings=\"{&quot;background_background&quot;:&quot;classic&quot;}\">\r\n\t\t\t\t\t\t<div class=\"elementor-container elementor-column-gap-default\">\r\n\t\t\t\t\t<div class=\"elementor-column elementor-col-100 elementor-top-column elementor-element elementor-element-9c880cc lakit-col-width-auto-no\" data-id=\"9c880cc\" data-element_type=\"column\">\r\n\t\t\t<div class=\"elementor-widget-wrap\">\r\n\t\t\t\t\t\t\t\t\t<\/div>\r\n\t\t<\/div>\r\n\t\t\t\t\t\t\t<\/div>\r\n\t\t<\/section>\r\n\t\t\t\t\t\t\t<\/div>","protected":false},"excerpt":{"rendered":"<p>\u03a7\u03b5\u03b9\u03c1\u03bf\u03c0\u03bf\u03af\u03b7\u03c4\u03b5\u03c2 \u039c\u03c0\u03bf\u03c5\u03b3\u03ac\u03c4\u03c3\u03b5\u03c2 \u03a7\u03b5\u03b9\u03c1\u03bf\u03c0\u03bf\u03af\u03b7\u03c4\u03b5\u03c2 1280gr\/500gr \u03a7\u0395\u0399\u03a1\u039f\u03a0\u039f\u0399\u0397\u03a4\u0395\u03a3 \u039c\u03a0\u039f\u03a5\u0393\u0391\u03a4\u03a3\u0395\u03a3 1280GR.\/500GR. \u0398\u03b5\u03c1\u03bc\u03bf\u03ba\u03c1\u03b1\u03c3\u03af\u03b1 \u03c8\u03b7\u03c3\u03af\u03bc\u03b1\u03c4\u03bf\u03c2: 180\u00b0C\u03a7\u03c1\u03cc\u03bd\u03bf\u03c2 \u03c8\u03b7\u03c3\u03af\u03bc\u03b1\u03c4\u03bf\u03c2: 35&#8242; &#8211; 40&#8242;\u0394\u03b5\u03bd \u03c7\u03c1\u03b5\u03b9\u03ac\u03b6\u03bf\u03bd\u03c4\u03b1\u03b9 \u03b1\u03c0\u03cc\u03c8\u03c5\u03be\u03b7 1280gr 1280gr. \/\u03c4\u03bc\u03c7 8 [&hellip;]<\/p>","protected":false},"author":2,"featured_media":0,"parent":0,"menu_order":0,"comment_status":"closed","ping_status":"closed","template":"","meta":{"_monsterinsights_skip_tracking":false,"_monsterinsights_sitenote_active":false,"_monsterinsights_sitenote_note":"","_monsterinsights_sitenote_category":0,"footnotes":""},"class_list":["post-7476","page","type-page","status-publish","hentry"],"aioseo_notices":[],"_links":{"self":[{"href":"https:\/\/yiayiapies.com\/fr\/wp-json\/wp\/v2\/pages\/7476","targetHints":{"allow":["GET"]}}],"collection":[{"href":"https:\/\/yiayiapies.com\/fr\/wp-json\/wp\/v2\/pages"}],"about":[{"href":"https:\/\/yiayiapies.com\/fr\/wp-json\/wp\/v2\/types\/page"}],"author":[{"embeddable":true,"href":"https:\/\/yiayiapies.com\/fr\/wp-json\/wp\/v2\/users\/2"}],"replies":[{"embeddable":true,"href":"https:\/\/yiayiapies.com\/fr\/wp-json\/wp\/v2\/comments?post=7476"}],"version-history":[{"count":67,"href":"https:\/\/yiayiapies.com\/fr\/wp-json\/wp\/v2\/pages\/7476\/revisions"}],"predecessor-version":[{"id":8242,"href":"https:\/\/yiayiapies.com\/fr\/wp-json\/wp\/v2\/pages\/7476\/revisions\/8242"}],"wp:attachment":[{"href":"https:\/\/yiayiapies.com\/fr\/wp-json\/wp\/v2\/media?parent=7476"}],"curies":[{"name":"wp","href":"https:\/\/api.w.org\/{rel}","templated":true}]}}