{"id":7471,"date":"2024-10-30T16:11:12","date_gmt":"2024-10-30T14:11:12","guid":{"rendered":"https:\/\/yiayiapies.com\/?page_id=7471"},"modified":"2024-11-18T13:28:57","modified_gmt":"2024-11-18T11:28:57","slug":"vegan-%cf%87%ce%b5%ce%b9%cf%81%ce%bf%cf%80%ce%bf%ce%af%ce%b7%cf%84%ce%b5%cf%82-%cf%80%ce%af%cf%84%ce%b5%cf%82-horeca","status":"publish","type":"page","link":"https:\/\/yiayiapies.com\/fr\/tartes-artisanales-vegan-horeca\/","title":{"rendered":"Tartes Artisanales Vegan"},"content":{"rendered":"<div data-elementor-type=\"wp-page\" data-elementor-id=\"7471\" class=\"elementor elementor-7471\" data-elementor-post-type=\"page\">\r\n\t\t\t\t\t\t\t\t\t<section class=\"elementor-section elementor-top-section elementor-element elementor-element-09afe28 elementor-section-height-min-height elementor-section-items-bottom elementor-section-boxed elementor-section-height-default\" data-id=\"09afe28\" data-element_type=\"section\" data-settings=\"{&quot;background_background&quot;:&quot;classic&quot;}\">\r\n\t\t\t\t\t\t\t<div class=\"elementor-background-overlay\"><\/div>\r\n\t\t\t\t\t\t\t<div class=\"elementor-container elementor-column-gap-default\">\r\n\t\t\t\t\t<div class=\"elementor-column elementor-col-100 elementor-top-column elementor-element elementor-element-1579721 lakit-col-width-auto-no\" data-id=\"1579721\" data-element_type=\"column\" data-settings=\"{&quot;background_background&quot;:&quot;classic&quot;}\">\r\n\t\t\t<div class=\"elementor-widget-wrap elementor-element-populated\">\r\n\t\t\t\t\t<div class=\"elementor-background-overlay\"><\/div>\r\n\t\t\t\t\t\t\t\t<div class=\"elementor-element elementor-element-a11d017 elementor-widget elementor-widget-text-editor\" data-id=\"a11d017\" data-element_type=\"widget\" data-widget_type=\"text-editor.default\">\r\n\t\t\t\t<div class=\"elementor-widget-container\">\r\n\t\t\t<style>\/*! elementor - v3.18.0 - 06-12-2023 *\/\n.elementor-widget-text-editor.elementor-drop-cap-view-stacked .elementor-drop-cap{background-color:#69727d;color:#fff}.elementor-widget-text-editor.elementor-drop-cap-view-framed .elementor-drop-cap{color:#69727d;border:3px solid;background-color:transparent}.elementor-widget-text-editor:not(.elementor-drop-cap-view-default) .elementor-drop-cap{margin-top:8px}.elementor-widget-text-editor:not(.elementor-drop-cap-view-default) .elementor-drop-cap-letter{width:1em;height:1em}.elementor-widget-text-editor .elementor-drop-cap{float:left;text-align:center;line-height:1;font-size:50px}.elementor-widget-text-editor .elementor-drop-cap-letter{display:inline-block}<\/style>\t\t\t\t<p>Vegan<\/p>\t\t\t\t\t\t<\/div>\r\n\t\t\t\t<\/div>\r\n\t\t\t\t<div class=\"elementor-element elementor-element-93d590f elementor-widget elementor-widget-text-editor\" data-id=\"93d590f\" data-element_type=\"widget\" data-widget_type=\"text-editor.default\">\r\n\t\t\t\t<div class=\"elementor-widget-container\">\r\n\t\t\t<style>.elementor-element-93d590f{display:none !important}<\/style>\t\t<\/div>\r\n\t\t\t\t<\/div>\r\n\t\t\t\t<div class=\"elementor-element elementor-element-83c5606 elementor-widget elementor-widget-heading\" data-id=\"83c5606\" data-element_type=\"widget\" data-widget_type=\"heading.default\">\r\n\t\t\t\t<div class=\"elementor-widget-container\">\r\n\t\t\t<style>\/*! elementor - v3.18.0 - 06-12-2023 *\/\n.elementor-heading-title{padding:0;margin:0;line-height:1}.elementor-widget-heading .elementor-heading-title[class*=elementor-size-]>a{color:inherit;font-size:inherit;line-height:inherit}.elementor-widget-heading .elementor-heading-title.elementor-size-small{font-size:15px}.elementor-widget-heading .elementor-heading-title.elementor-size-medium{font-size:19px}.elementor-widget-heading .elementor-heading-title.elementor-size-large{font-size:29px}.elementor-widget-heading .elementor-heading-title.elementor-size-xl{font-size:39px}.elementor-widget-heading .elementor-heading-title.elementor-size-xxl{font-size:59px}<\/style><h1 class=\"elementor-heading-title elementor-size-default\">TARTES ARTISANALES<\/h1>\t\t<\/div>\r\n\t\t\t\t<\/div>\r\n\t\t\t\t<div class=\"elementor-element elementor-element-7c5f658 elementor-widget elementor-widget-text-editor\" data-id=\"7c5f658\" data-element_type=\"widget\" data-widget_type=\"text-editor.default\">\r\n\t\t\t\t<div class=\"elementor-widget-container\">\r\n\t\t\t\t\t\t\t<p>Traditionnel<\/p>\t\t\t\t\t\t<\/div>\r\n\t\t\t\t<\/div>\r\n\t\t\t\t<div class=\"elementor-element elementor-element-c678e9e elementor-widget elementor-widget-text-editor\" data-id=\"c678e9e\" data-element_type=\"widget\" data-widget_type=\"text-editor.default\">\r\n\t\t\t\t<div class=\"elementor-widget-container\">\r\n\t\t\t\t\t\t\t<p>2500gr\/930gr<\/p>\t\t\t\t\t\t<\/div>\r\n\t\t\t\t<\/div>\r\n\t\t\t\t\t<\/div>\r\n\t\t<\/div>\r\n\t\t\t\t\t\t\t<\/div>\r\n\t\t<\/section>\r\n\t\t\t\t<section class=\"elementor-section elementor-top-section elementor-element elementor-element-aa07d03 elementor-section-boxed elementor-section-height-default elementor-section-height-default\" data-id=\"aa07d03\" data-element_type=\"section\" data-settings=\"{&quot;background_background&quot;:&quot;classic&quot;}\">\r\n\t\t\t\t\t\t<div class=\"elementor-container elementor-column-gap-default\">\r\n\t\t\t\t\t<div class=\"elementor-column elementor-col-100 elementor-top-column elementor-element elementor-element-6588a98 lakit-col-width-auto-no\" data-id=\"6588a98\" data-element_type=\"column\">\r\n\t\t\t<div class=\"elementor-widget-wrap elementor-element-populated\">\r\n\t\t\t\t\t\t\t\t<div class=\"elementor-element elementor-element-646f875 elementor-widget elementor-widget-heading\" data-id=\"646f875\" data-element_type=\"widget\" data-widget_type=\"heading.default\">\r\n\t\t\t\t<div class=\"elementor-widget-container\">\r\n\t\t\t<h2 class=\"elementor-heading-title elementor-size-default\">VEGAN TARTE TRADITIONNEL 2500gr\/930gr<\/h2>\t\t<\/div>\r\n\t\t\t\t<\/div>\r\n\t\t\t\t<section class=\"elementor-section elementor-inner-section elementor-element elementor-element-d7de6fa elementor-section-boxed elementor-section-height-default elementor-section-height-default\" data-id=\"d7de6fa\" data-element_type=\"section\">\r\n\t\t\t\t\t\t<div class=\"elementor-container elementor-column-gap-default\">\r\n\t\t\t\t\t<div class=\"elementor-column elementor-col-33 elementor-inner-column elementor-element elementor-element-4721e1e lakit-col-width-auto-no\" data-id=\"4721e1e\" data-element_type=\"column\">\r\n\t\t\t<div class=\"elementor-widget-wrap elementor-element-populated\">\r\n\t\t\t\t\t\t\t\t<div class=\"elementor-element elementor-element-46fae1a elementor-widget elementor-widget-text-editor\" data-id=\"46fae1a\" data-element_type=\"widget\" data-widget_type=\"text-editor.default\">\r\n\t\t\t\t<div class=\"elementor-widget-container\">\r\n\t\t\t\t\t\t\t<p>Temp\u00e9rature de cuisson: 180\u00b0C<br \/>Temps de cuisson: 50 minutes. <br \/>Aucune d\u00e9cong\u00e9lation n\u2019est n\u00e9cessaire.<br \/>10 minutes apr\u00e8s avoir plac\u00e9 la tarte au four, il est recommand\u00e9 de la percer le long des lignes pr\u00e9d\u00e9coup\u00e9es avec un couteau.<br \/>Aucune mati\u00e8re grasse n\u2019est n\u00e9cessaire.<br \/>Fait main.<br \/>Sans conservateurs ajout\u00e9s.<br \/>V\u00c9G\u00c9TARIEN\/VEGAN Source de fibres <\/p>\t\t\t\t\t\t<\/div>\r\n\t\t\t\t<\/div>\r\n\t\t\t\t\t<\/div>\r\n\t\t<\/div>\r\n\t\t\t\t<div class=\"elementor-column elementor-col-33 elementor-inner-column elementor-element elementor-element-d97745b lakit-col-width-auto-no\" data-id=\"d97745b\" data-element_type=\"column\">\r\n\t\t\t<div class=\"elementor-widget-wrap elementor-element-populated\">\r\n\t\t\t\t\t\t\t\t<div class=\"elementor-element elementor-element-caa69aa elementor-widget elementor-widget-heading\" data-id=\"caa69aa\" data-element_type=\"widget\" data-widget_type=\"heading.default\">\r\n\t\t\t\t<div class=\"elementor-widget-container\">\r\n\t\t\t<h3 class=\"elementor-heading-title elementor-size-default\">2500gr<\/h3>\t\t<\/div>\r\n\t\t\t\t<\/div>\r\n\t\t\t\t<div class=\"elementor-element elementor-element-d7b7418 elementor-widget elementor-widget-text-editor\" data-id=\"d7b7418\" data-element_type=\"widget\" data-widget_type=\"text-editor.default\">\r\n\t\t\t\t<div class=\"elementor-widget-container\">\r\n\t\t\t\t\t\t\t<p>40 pi\u00e8ces \/ unit\u00e9 <br \/>5 unit\u00e9s \/ bo\u00eete<br \/>44 bo\u00eetes \/ palette <\/p>\t\t\t\t\t\t<\/div>\r\n\t\t\t\t<\/div>\r\n\t\t\t\t\t<\/div>\r\n\t\t<\/div>\r\n\t\t\t\t<div class=\"elementor-column elementor-col-33 elementor-inner-column elementor-element elementor-element-3edffc4 lakit-col-width-auto-no\" data-id=\"3edffc4\" data-element_type=\"column\">\r\n\t\t\t<div class=\"elementor-widget-wrap elementor-element-populated\">\r\n\t\t\t\t\t\t\t\t<div class=\"elementor-element elementor-element-4fd7954 elementor-widget elementor-widget-heading\" data-id=\"4fd7954\" data-element_type=\"widget\" data-widget_type=\"heading.default\">\r\n\t\t\t\t<div class=\"elementor-widget-container\">\r\n\t\t\t<h3 class=\"elementor-heading-title elementor-size-default\">930gr<\/h3>\t\t<\/div>\r\n\t\t\t\t<\/div>\r\n\t\t\t\t<div class=\"elementor-element elementor-element-bc46719 elementor-widget elementor-widget-text-editor\" data-id=\"bc46719\" data-element_type=\"widget\" data-widget_type=\"text-editor.default\">\r\n\t\t\t\t<div class=\"elementor-widget-container\">\r\n\t\t\t\t\t\t\t<p>4 pi\u00e8ces \/ unit\u00e9<br \/>12 unit\u00e9s \/ bo\u00eete<\/p>\t\t\t\t\t\t<\/div>\r\n\t\t\t\t<\/div>\r\n\t\t\t\t\t<\/div>\r\n\t\t<\/div>\r\n\t\t\t\t\t\t\t<\/div>\r\n\t\t<\/section>\r\n\t\t\t\t\t<\/div>\r\n\t\t<\/div>\r\n\t\t\t\t\t\t\t<\/div>\r\n\t\t<\/section>\r\n\t\t\t\t<section class=\"elementor-section elementor-top-section elementor-element elementor-element-d0101af elementor-section-boxed elementor-section-height-default elementor-section-height-default\" data-id=\"d0101af\" data-element_type=\"section\">\r\n\t\t\t\t\t\t<div class=\"elementor-container elementor-column-gap-default\">\r\n\t\t\t\t\t<div class=\"elementor-column elementor-col-66 elementor-top-column elementor-element elementor-element-ecdcc48 lakit-col-width-auto-no\" data-id=\"ecdcc48\" data-element_type=\"column\">\r\n\t\t\t<div class=\"elementor-widget-wrap elementor-element-populated\">\r\n\t\t\t\t\t\t\t\t<div class=\"elementor-element elementor-element-ae52cd0 elementor-widget elementor-widget-heading\" data-id=\"ae52cd0\" data-element_type=\"widget\" data-widget_type=\"heading.default\">\r\n\t\t\t\t<div class=\"elementor-widget-container\">\r\n\t\t\t<h4 class=\"elementor-heading-title elementor-size-default\">TARTE GRECQUES AUX L\u00c9GUMES en p\u00e2te traditionnelle ou p\u00e2te compl\u00e8tes<\/h4>\t\t<\/div>\r\n\t\t\t\t<\/div>\r\n\t\t\t\t<div class=\"elementor-element elementor-element-502cf47 elementor-widget elementor-widget-heading\" data-id=\"502cf47\" data-element_type=\"widget\" data-widget_type=\"heading.default\">\r\n\t\t\t\t<div class=\"elementor-widget-container\">\r\n\t\t\t<h5 class=\"elementor-heading-title elementor-size-default\">Avec \u00e9pinards, poireaux, huile d\u2019olive extra vierge et herbes<\/h5>\t\t<\/div>\r\n\t\t\t\t<\/div>\r\n\t\t\t\t<div class=\"elementor-element elementor-element-32816b7 elementor-widget elementor-widget-text-editor\" data-id=\"32816b7\" data-element_type=\"widget\" data-widget_type=\"text-editor.default\">\r\n\t\t\t\t<div class=\"elementor-widget-container\">\r\n\t\t\t\t\t\t\t<p>Une des Tartes grecques grecques les plus traditionnelles est maintenant aussi \ndisponible en p\u00e2te compl\u00e8tes. \u00c9pinards, poireaux, huile d\u2019olive extra vierge \net herbes grecques, combin\u00e9s avec notre p\u00e2te filo artisanale, offrent une saveur \nl\u00e9g\u00e8re et compl\u00e8te.<br \/>Le choix Vegan parfait!<\/p>\t\t\t\t\t\t<\/div>\r\n\t\t\t\t<\/div>\r\n\t\t\t\t<div class=\"elementor-element elementor-element-d73c21f elementor-widget elementor-widget-image\" data-id=\"d73c21f\" data-element_type=\"widget\" data-widget_type=\"image.default\">\r\n\t\t\t\t<div class=\"elementor-widget-container\">\r\n\t\t\t<style>\/*! elementor - v3.18.0 - 06-12-2023 *\/\n.elementor-widget-image{text-align:center}.elementor-widget-image a{display:inline-block}.elementor-widget-image a img[src$=\".svg\"]{width:48px}.elementor-widget-image img{vertical-align:middle;display:inline-block}<\/style>\t\t\t\t\t\t\t\t\t\t\t\t<img fetchpriority=\"high\" decoding=\"async\" width=\"1600\" height=\"1067\" src=\"https:\/\/yiayiapies.com\/wp-content\/uploads\/2024\/11\/yiayia-pies-\u03a7\u039f\u03a1\u03a4\u039f\u03a0\u0399\u03a4\u0391-\u039f\u039b\u0399\u039a\u0397\u03a3.jpg\" class=\"attachment-large size-large wp-image-7856\" alt=\"\" srcset=\"https:\/\/yiayiapies.com\/wp-content\/uploads\/2024\/11\/yiayia-pies-\u03a7\u039f\u03a1\u03a4\u039f\u03a0\u0399\u03a4\u0391-\u039f\u039b\u0399\u039a\u0397\u03a3.jpg 1600w, https:\/\/yiayiapies.com\/wp-content\/uploads\/2024\/11\/yiayia-pies-\u03a7\u039f\u03a1\u03a4\u039f\u03a0\u0399\u03a4\u0391-\u039f\u039b\u0399\u039a\u0397\u03a3-1536x1024.jpg 1536w, https:\/\/yiayiapies.com\/wp-content\/uploads\/2024\/11\/yiayia-pies-\u03a7\u039f\u03a1\u03a4\u039f\u03a0\u0399\u03a4\u0391-\u039f\u039b\u0399\u039a\u0397\u03a3-18x12.jpg 18w\" sizes=\"(max-width: 1600px) 100vw, 1600px\" \/>\t\t\t\t\t\t\t\t\t\t\t\t\t\t\t<\/div>\r\n\t\t\t\t<\/div>\r\n\t\t\t\t<div class=\"elementor-element elementor-element-c354881 elementor-widget elementor-widget-spacer\" data-id=\"c354881\" data-element_type=\"widget\" data-widget_type=\"spacer.default\">\r\n\t\t\t\t<div class=\"elementor-widget-container\">\r\n\t\t\t<style>\/*! elementor - v3.18.0 - 06-12-2023 *\/\n.elementor-column .elementor-spacer-inner{height:var(--spacer-size)}.e-con{--container-widget-width:100%}.e-con-inner>.elementor-widget-spacer,.e-con>.elementor-widget-spacer{width:var(--container-widget-width,var(--spacer-size));--align-self:var(--container-widget-align-self,initial);--flex-shrink:0}.e-con-inner>.elementor-widget-spacer>.elementor-widget-container,.e-con>.elementor-widget-spacer>.elementor-widget-container{height:100%;width:100%}.e-con-inner>.elementor-widget-spacer>.elementor-widget-container>.elementor-spacer,.e-con>.elementor-widget-spacer>.elementor-widget-container>.elementor-spacer{height:100%}.e-con-inner>.elementor-widget-spacer>.elementor-widget-container>.elementor-spacer>.elementor-spacer-inner,.e-con>.elementor-widget-spacer>.elementor-widget-container>.elementor-spacer>.elementor-spacer-inner{height:var(--container-widget-height,var(--spacer-size))}.e-con-inner>.elementor-widget-spacer.elementor-widget-empty,.e-con>.elementor-widget-spacer.elementor-widget-empty{position:relative;min-height:22px;min-width:22px}.e-con-inner>.elementor-widget-spacer.elementor-widget-empty .elementor-widget-empty-icon,.e-con>.elementor-widget-spacer.elementor-widget-empty .elementor-widget-empty-icon{position:absolute;top:0;bottom:0;left:0;right:0;margin:auto;padding:0;width:22px;height:22px}<\/style>\t\t<div class=\"elementor-spacer\">\r\n\t\t\t<div class=\"elementor-spacer-inner\"><\/div>\r\n\t\t<\/div>\r\n\t\t\t\t<\/div>\r\n\t\t\t\t<\/div>\r\n\t\t\t\t<div class=\"elementor-element elementor-element-8d63de7 elementor-widget elementor-widget-heading\" data-id=\"8d63de7\" data-element_type=\"widget\" data-widget_type=\"heading.default\">\r\n\t\t\t\t<div class=\"elementor-widget-container\">\r\n\t\t\t<h4 class=\"elementor-heading-title elementor-size-default\">TARTE TRADITIONNELLE \u00c0 LA COURGE DOUCE<\/h4>\t\t<\/div>\r\n\t\t\t\t<\/div>\r\n\t\t\t\t<div class=\"elementor-element elementor-element-a5a0321 elementor-widget elementor-widget-heading\" data-id=\"a5a0321\" data-element_type=\"widget\" data-widget_type=\"heading.default\">\r\n\t\t\t\t<div class=\"elementor-widget-container\">\r\n\t\t\t<h5 class=\"elementor-heading-title elementor-size-default\">Avec courge douce, raisins secs et cannelle<\/h5>\t\t<\/div>\r\n\t\t\t\t<\/div>\r\n\t\t\t\t<div class=\"elementor-element elementor-element-86583ca elementor-widget elementor-widget-text-editor\" data-id=\"86583ca\" data-element_type=\"widget\" data-widget_type=\"text-editor.default\">\r\n\t\t\t\t<div class=\"elementor-widget-container\">\r\n\t\t\t\t\t\t\t<p>La tarte \u00e0 la courge douce de Yiayia avec raisins secs et cannelle est simple et l\u00e9g\u00e8re avec des ingr\u00e9dients propres et \u00e9quilibr\u00e9s.<br \/>La tentation sucr\u00e9e\u2026 vegan du jour, pr\u00eate en un rien de temps!<\/p>\t\t\t\t\t\t<\/div>\r\n\t\t\t\t<\/div>\r\n\t\t\t\t<div class=\"elementor-element elementor-element-919e141 elementor-widget elementor-widget-image\" data-id=\"919e141\" data-element_type=\"widget\" data-widget_type=\"image.default\">\r\n\t\t\t\t<div class=\"elementor-widget-container\">\r\n\t\t\t\t\t\t\t\t\t\t\t\t\t\t\t<img decoding=\"async\" width=\"1600\" height=\"1067\" src=\"https:\/\/yiayiapies.com\/wp-content\/uploads\/2024\/11\/yiayia-pies-\u039a\u039f\u039b\u039f\u039a\u03a5\u0398\u0399.jpg\" class=\"attachment-large size-large wp-image-7857\" alt=\"yiayia pies \u0393\u039b\u03a5\u039a\u0399\u0391 \u039a\u039f\u039b\u039f\u039a\u03a5\u0398\u039f\u03a0\u0399\u03a4\u0391\" srcset=\"https:\/\/yiayiapies.com\/wp-content\/uploads\/2024\/11\/yiayia-pies-\u039a\u039f\u039b\u039f\u039a\u03a5\u0398\u0399.jpg 1600w, https:\/\/yiayiapies.com\/wp-content\/uploads\/2024\/11\/yiayia-pies-\u039a\u039f\u039b\u039f\u039a\u03a5\u0398\u0399-1536x1024.jpg 1536w, https:\/\/yiayiapies.com\/wp-content\/uploads\/2024\/11\/yiayia-pies-\u039a\u039f\u039b\u039f\u039a\u03a5\u0398\u0399-18x12.jpg 18w\" sizes=\"(max-width: 1600px) 100vw, 1600px\" \/>\t\t\t\t\t\t\t\t\t\t\t\t\t\t\t<\/div>\r\n\t\t\t\t<\/div>\r\n\t\t\t\t<div class=\"elementor-element elementor-element-f08aacd elementor-widget elementor-widget-spacer\" data-id=\"f08aacd\" data-element_type=\"widget\" data-widget_type=\"spacer.default\">\r\n\t\t\t\t<div class=\"elementor-widget-container\">\r\n\t\t\t\t\t<div class=\"elementor-spacer\">\r\n\t\t\t<div class=\"elementor-spacer-inner\"><\/div>\r\n\t\t<\/div>\r\n\t\t\t\t<\/div>\r\n\t\t\t\t<\/div>\r\n\t\t\t\t<div class=\"elementor-element elementor-element-1dc8044 elementor-widget elementor-widget-heading\" data-id=\"1dc8044\" data-element_type=\"widget\" data-widget_type=\"heading.default\">\r\n\t\t\t\t<div class=\"elementor-widget-container\">\r\n\t\t\t<h4 class=\"elementor-heading-title elementor-size-default\">TARTE TRADITIONNELLE AUX POMMES<\/h4>\t\t<\/div>\r\n\t\t\t\t<\/div>\r\n\t\t\t\t<div class=\"elementor-element elementor-element-fc47cb8 elementor-widget elementor-widget-heading\" data-id=\"fc47cb8\" data-element_type=\"widget\" data-widget_type=\"heading.default\">\r\n\t\t\t\t<div class=\"elementor-widget-container\">\r\n\t\t\t<h5 class=\"elementor-heading-title elementor-size-default\">Avec pommes, raisins secs et cannelle<\/h5>\t\t<\/div>\r\n\t\t\t\t<\/div>\r\n\t\t\t\t<div class=\"elementor-element elementor-element-12f9fea elementor-widget elementor-widget-text-editor\" data-id=\"12f9fea\" data-element_type=\"widget\" data-widget_type=\"text-editor.default\">\r\n\t\t\t\t<div class=\"elementor-widget-container\">\r\n\t\t\t\t\t\t\t<p>Yiayia Pies a cr\u00e9\u00e9 pour vous une combinaison sucr\u00e9e \u00e9tonnante o\u00f9 la p\u00e2te filo croustillante de Yiayia se marie harmonieusement avec la garniture juteuse compos\u00e9e de pommes grecques, raisins secs et cannelle.<br \/>Profitez d\u2019une douceur vegan \u00e9quilibr\u00e9e sans remords!<\/p>\t\t\t\t\t\t<\/div>\r\n\t\t\t\t<\/div>\r\n\t\t\t\t<div class=\"elementor-element elementor-element-247b0b4 elementor-widget elementor-widget-image\" data-id=\"247b0b4\" data-element_type=\"widget\" data-widget_type=\"image.default\">\r\n\t\t\t\t<div class=\"elementor-widget-container\">\r\n\t\t\t\t\t\t\t\t\t\t\t\t\t\t\t<img decoding=\"async\" width=\"1600\" height=\"1067\" src=\"https:\/\/yiayiapies.com\/wp-content\/uploads\/2024\/11\/yiayia-pies-\u03a0\u0391\u03a1\u0391\u0394\u039f\u03a3\u0399\u0391\u039a\u0397-\u039c\u0397\u039b\u039f\u03a0\u0399\u03a4\u0391.jpg\" class=\"attachment-large size-large wp-image-7858\" alt=\"\" srcset=\"https:\/\/yiayiapies.com\/wp-content\/uploads\/2024\/11\/yiayia-pies-\u03a0\u0391\u03a1\u0391\u0394\u039f\u03a3\u0399\u0391\u039a\u0397-\u039c\u0397\u039b\u039f\u03a0\u0399\u03a4\u0391.jpg 1600w, https:\/\/yiayiapies.com\/wp-content\/uploads\/2024\/11\/yiayia-pies-\u03a0\u0391\u03a1\u0391\u0394\u039f\u03a3\u0399\u0391\u039a\u0397-\u039c\u0397\u039b\u039f\u03a0\u0399\u03a4\u0391-1536x1024.jpg 1536w, https:\/\/yiayiapies.com\/wp-content\/uploads\/2024\/11\/yiayia-pies-\u03a0\u0391\u03a1\u0391\u0394\u039f\u03a3\u0399\u0391\u039a\u0397-\u039c\u0397\u039b\u039f\u03a0\u0399\u03a4\u0391-18x12.jpg 18w\" sizes=\"(max-width: 1600px) 100vw, 1600px\" \/>\t\t\t\t\t\t\t\t\t\t\t\t\t\t\t<\/div>\r\n\t\t\t\t<\/div>\r\n\t\t\t\t\t<\/div>\r\n\t\t<\/div>\r\n\t\t\t\t<div class=\"elementor-column elementor-col-33 elementor-top-column elementor-element elementor-element-8a711fe lakit-col-width-auto-no\" data-id=\"8a711fe\" data-element_type=\"column\" data-settings=\"{&quot;background_background&quot;:&quot;classic&quot;}\">\r\n\t\t\t<div class=\"elementor-widget-wrap elementor-element-populated\">\r\n\t\t\t\t\t\t\t\t<div class=\"elementor-element elementor-element-3baa958 elementor-widget elementor-widget-spacer\" data-id=\"3baa958\" data-element_type=\"widget\" data-widget_type=\"spacer.default\">\r\n\t\t\t\t<div class=\"elementor-widget-container\">\r\n\t\t\t\t\t<div class=\"elementor-spacer\">\r\n\t\t\t<div class=\"elementor-spacer-inner\"><\/div>\r\n\t\t<\/div>\r\n\t\t\t\t<\/div>\r\n\t\t\t\t<\/div>\r\n\t\t\t\t\t<\/div>\r\n\t\t<\/div>\r\n\t\t\t\t\t\t\t<\/div>\r\n\t\t<\/section>\r\n\t\t\t\t\t\t\t<\/div>","protected":false},"excerpt":{"rendered":"<p>Vegan Vegan\u03a7\u03b5\u03b9\u03c1\u03bf\u03c0\u03bf\u03af\u03b7\u03c4\u03b5\u03c2 \u03a0\u0399\u03a4\u0395\u03a3 Traditionnel 2500gr\/930gr VEGAN \u03a7\u0395\u0399\u03a1\u039f\u03a0\u039f\u0399\u0397\u03a4\u0395\u03a3 \u03a0\u0399\u03a4\u0395\u03a3 2500GR.\/930GR. \u0398\u03b5\u03c1\u03bc\u03bf\u03ba\u03c1\u03b1\u03c3\u03af\u03b1 \u03c8\u03b7\u03c3\u03af\u03bc\u03b1\u03c4\u03bf\u03c2: 180\u00b0C\u03a7\u03c1\u03cc\u03bd\u03bf\u03c2 \u03c8\u03b7\u03c3\u03af\u03bc\u03b1\u03c4\u03bf\u03c2: 50\u2019 \u0394\u03b5\u03bd \u03c7\u03c1\u03b5\u03b9\u03ac\u03b6\u03bf\u03bd\u03c4\u03b1\u03b9 \u03b1\u03c0\u03cc\u03c8\u03c5\u03be\u03b710 \u03bb\u03b5\u03c0\u03c4\u03ac \u03bc\u03b5\u03c4\u03ac \u03c4\u03b7\u03bd [&hellip;]<\/p>","protected":false},"author":2,"featured_media":0,"parent":0,"menu_order":0,"comment_status":"closed","ping_status":"closed","template":"","meta":{"_monsterinsights_skip_tracking":false,"_monsterinsights_sitenote_active":false,"_monsterinsights_sitenote_note":"","_monsterinsights_sitenote_category":0,"footnotes":""},"class_list":["post-7471","page","type-page","status-publish","hentry"],"aioseo_notices":[],"_links":{"self":[{"href":"https:\/\/yiayiapies.com\/fr\/wp-json\/wp\/v2\/pages\/7471","targetHints":{"allow":["GET"]}}],"collection":[{"href":"https:\/\/yiayiapies.com\/fr\/wp-json\/wp\/v2\/pages"}],"about":[{"href":"https:\/\/yiayiapies.com\/fr\/wp-json\/wp\/v2\/types\/page"}],"author":[{"embeddable":true,"href":"https:\/\/yiayiapies.com\/fr\/wp-json\/wp\/v2\/users\/2"}],"replies":[{"embeddable":true,"href":"https:\/\/yiayiapies.com\/fr\/wp-json\/wp\/v2\/comments?post=7471"}],"version-history":[{"count":67,"href":"https:\/\/yiayiapies.com\/fr\/wp-json\/wp\/v2\/pages\/7471\/revisions"}],"predecessor-version":[{"id":8236,"href":"https:\/\/yiayiapies.com\/fr\/wp-json\/wp\/v2\/pages\/7471\/revisions\/8236"}],"wp:attachment":[{"href":"https:\/\/yiayiapies.com\/fr\/wp-json\/wp\/v2\/media?parent=7471"}],"curies":[{"name":"wp","href":"https:\/\/api.w.org\/{rel}","templated":true}]}}