{"id":7454,"date":"2024-10-30T16:04:36","date_gmt":"2024-10-30T14:04:36","guid":{"rendered":"https:\/\/yiayiapies.com\/?page_id=7454"},"modified":"2024-11-18T13:26:08","modified_gmt":"2024-11-18T11:26:08","slug":"%cf%87%ce%b5%ce%b9%cf%81%ce%bf%cf%80%ce%bf%ce%af%ce%b7%cf%84%ce%b5%cf%82-%cf%80%ce%af%cf%84%ce%b5%cf%82-%ce%bf%ce%bb%ce%b9%ce%ba%ce%ae%cf%82-%ce%ac%ce%bb%ce%b5%cf%83%ce%b7%cf%82-horeca","status":"publish","type":"page","link":"https:\/\/yiayiapies.com\/fr\/tartes-artisanales-a-grains-entiers-horeca\/","title":{"rendered":"Tartes Artisanales Compl\u00e8tes"},"content":{"rendered":"<div data-elementor-type=\"wp-page\" data-elementor-id=\"7454\" class=\"elementor elementor-7454\" data-elementor-post-type=\"page\">\r\n\t\t\t\t\t\t\t\t\t<section class=\"elementor-section elementor-top-section elementor-element elementor-element-76a119b elementor-section-height-min-height elementor-section-items-bottom elementor-section-boxed elementor-section-height-default\" data-id=\"76a119b\" data-element_type=\"section\" data-settings=\"{&quot;background_background&quot;:&quot;classic&quot;}\">\r\n\t\t\t\t\t\t\t<div class=\"elementor-background-overlay\"><\/div>\r\n\t\t\t\t\t\t\t<div class=\"elementor-container elementor-column-gap-default\">\r\n\t\t\t\t\t<div class=\"elementor-column elementor-col-100 elementor-top-column elementor-element elementor-element-a9ca6c0 lakit-col-width-auto-no\" data-id=\"a9ca6c0\" data-element_type=\"column\">\r\n\t\t\t<div class=\"elementor-widget-wrap elementor-element-populated\">\r\n\t\t\t\t\t\t\t\t<div class=\"elementor-element elementor-element-52cecd1 elementor-widget elementor-widget-text-editor\" data-id=\"52cecd1\" data-element_type=\"widget\" data-widget_type=\"text-editor.default\">\r\n\t\t\t\t<div class=\"elementor-widget-container\">\r\n\t\t\t<style>\/*! elementor - v3.18.0 - 06-12-2023 *\/\n.elementor-widget-text-editor.elementor-drop-cap-view-stacked .elementor-drop-cap{background-color:#69727d;color:#fff}.elementor-widget-text-editor.elementor-drop-cap-view-framed .elementor-drop-cap{color:#69727d;border:3px solid;background-color:transparent}.elementor-widget-text-editor:not(.elementor-drop-cap-view-default) .elementor-drop-cap{margin-top:8px}.elementor-widget-text-editor:not(.elementor-drop-cap-view-default) .elementor-drop-cap-letter{width:1em;height:1em}.elementor-widget-text-editor .elementor-drop-cap{float:left;text-align:center;line-height:1;font-size:50px}.elementor-widget-text-editor .elementor-drop-cap-letter{display:inline-block}<\/style><style>.elementor-element-52cecd1{display:none !important}<\/style>\t\t<\/div>\r\n\t\t\t\t<\/div>\r\n\t\t\t\t<div class=\"elementor-element elementor-element-6f7d3f2 elementor-widget elementor-widget-heading\" data-id=\"6f7d3f2\" data-element_type=\"widget\" data-widget_type=\"heading.default\">\r\n\t\t\t\t<div class=\"elementor-widget-container\">\r\n\t\t\t<style>\/*! elementor - v3.18.0 - 06-12-2023 *\/\n.elementor-heading-title{padding:0;margin:0;line-height:1}.elementor-widget-heading .elementor-heading-title[class*=elementor-size-]>a{color:inherit;font-size:inherit;line-height:inherit}.elementor-widget-heading .elementor-heading-title.elementor-size-small{font-size:15px}.elementor-widget-heading .elementor-heading-title.elementor-size-medium{font-size:19px}.elementor-widget-heading .elementor-heading-title.elementor-size-large{font-size:29px}.elementor-widget-heading .elementor-heading-title.elementor-size-xl{font-size:39px}.elementor-widget-heading .elementor-heading-title.elementor-size-xxl{font-size:59px}<\/style><h1 class=\"elementor-heading-title elementor-size-default\">TARTES ARTISANALES<\/h1>\t\t<\/div>\r\n\t\t\t\t<\/div>\r\n\t\t\t\t<div class=\"elementor-element elementor-element-b0dea2f elementor-widget elementor-widget-text-editor\" data-id=\"b0dea2f\" data-element_type=\"widget\" data-widget_type=\"text-editor.default\">\r\n\t\t\t\t<div class=\"elementor-widget-container\">\r\n\t\t\t\t\t\t\t<p>Compl\u00e8tes<br \/>2500gr\/930gr<\/p>\t\t\t\t\t\t<\/div>\r\n\t\t\t\t<\/div>\r\n\t\t\t\t\t<\/div>\r\n\t\t<\/div>\r\n\t\t\t\t\t\t\t<\/div>\r\n\t\t<\/section>\r\n\t\t\t\t<section class=\"elementor-section elementor-top-section elementor-element elementor-element-3a97e55 elementor-section-boxed elementor-section-height-default elementor-section-height-default\" data-id=\"3a97e55\" data-element_type=\"section\" data-settings=\"{&quot;background_background&quot;:&quot;classic&quot;}\">\r\n\t\t\t\t\t\t<div class=\"elementor-container elementor-column-gap-default\">\r\n\t\t\t\t\t<div class=\"elementor-column elementor-col-100 elementor-top-column elementor-element elementor-element-db716bf lakit-col-width-auto-no\" data-id=\"db716bf\" data-element_type=\"column\">\r\n\t\t\t<div class=\"elementor-widget-wrap elementor-element-populated\">\r\n\t\t\t\t\t\t\t\t<div class=\"elementor-element elementor-element-0e5b05d elementor-widget elementor-widget-heading\" data-id=\"0e5b05d\" data-element_type=\"widget\" data-widget_type=\"heading.default\">\r\n\t\t\t\t<div class=\"elementor-widget-container\">\r\n\t\t\t<h2 class=\"elementor-heading-title elementor-size-default\">TARTES GRECQUES AVEC P\u00c2TE DE SEIGLE COMPL\u00c8TE  2500g \/ 930g<\/h2>\t\t<\/div>\r\n\t\t\t\t<\/div>\r\n\t\t\t\t<section class=\"elementor-section elementor-inner-section elementor-element elementor-element-21f839e elementor-section-boxed elementor-section-height-default elementor-section-height-default\" data-id=\"21f839e\" data-element_type=\"section\">\r\n\t\t\t\t\t\t<div class=\"elementor-container elementor-column-gap-default\">\r\n\t\t\t\t\t<div class=\"elementor-column elementor-col-33 elementor-inner-column elementor-element elementor-element-d505d1f lakit-col-width-auto-no\" data-id=\"d505d1f\" data-element_type=\"column\">\r\n\t\t\t<div class=\"elementor-widget-wrap elementor-element-populated\">\r\n\t\t\t\t\t\t\t\t<div class=\"elementor-element elementor-element-883f3af elementor-widget elementor-widget-text-editor\" data-id=\"883f3af\" data-element_type=\"widget\" data-widget_type=\"text-editor.default\">\r\n\t\t\t\t<div class=\"elementor-widget-container\">\r\n\t\t\t\t\t\t\t<p>Temp\u00e9rature de cuisson: 180\u00b0C<br \/>Temps de cuisson: 50-55 minutes<br \/>Aucune d\u00e9cong\u00e9lation n\u2019est n\u00e9cessaire.<br \/>Aucune mati\u00e8re grasse n\u2019est n\u00e9cessaire.<br \/>Fait main.<br \/>Sans conservateurs ajout\u00e9s.<br \/>Source de fibres<\/p>\t\t\t\t\t\t<\/div>\r\n\t\t\t\t<\/div>\r\n\t\t\t\t\t<\/div>\r\n\t\t<\/div>\r\n\t\t\t\t<div class=\"elementor-column elementor-col-33 elementor-inner-column elementor-element elementor-element-05889cb lakit-col-width-auto-no\" data-id=\"05889cb\" data-element_type=\"column\">\r\n\t\t\t<div class=\"elementor-widget-wrap elementor-element-populated\">\r\n\t\t\t\t\t\t\t\t<div class=\"elementor-element elementor-element-97fb263 elementor-widget elementor-widget-heading\" data-id=\"97fb263\" data-element_type=\"widget\" data-widget_type=\"heading.default\">\r\n\t\t\t\t<div class=\"elementor-widget-container\">\r\n\t\t\t<h3 class=\"elementor-heading-title elementor-size-default\">2500gr<\/h3>\t\t<\/div>\r\n\t\t\t\t<\/div>\r\n\t\t\t\t<div class=\"elementor-element elementor-element-d095ae8 elementor-widget elementor-widget-text-editor\" data-id=\"d095ae8\" data-element_type=\"widget\" data-widget_type=\"text-editor.default\">\r\n\t\t\t\t<div class=\"elementor-widget-container\">\r\n\t\t\t\t\t\t\t<p>40 pi\u00e8ces \/ unit\u00e9 <br \/>5 unit\u00e9s \/ bo\u00eete<br \/>44 bo\u00eetes \/ palette <\/p>\t\t\t\t\t\t<\/div>\r\n\t\t\t\t<\/div>\r\n\t\t\t\t\t<\/div>\r\n\t\t<\/div>\r\n\t\t\t\t<div class=\"elementor-column elementor-col-33 elementor-inner-column elementor-element elementor-element-aff649d lakit-col-width-auto-no\" data-id=\"aff649d\" data-element_type=\"column\">\r\n\t\t\t<div class=\"elementor-widget-wrap elementor-element-populated\">\r\n\t\t\t\t\t\t\t\t<div class=\"elementor-element elementor-element-a7069db elementor-widget elementor-widget-heading\" data-id=\"a7069db\" data-element_type=\"widget\" data-widget_type=\"heading.default\">\r\n\t\t\t\t<div class=\"elementor-widget-container\">\r\n\t\t\t<h3 class=\"elementor-heading-title elementor-size-default\">930gr<\/h3>\t\t<\/div>\r\n\t\t\t\t<\/div>\r\n\t\t\t\t<div class=\"elementor-element elementor-element-0f12280 elementor-widget elementor-widget-text-editor\" data-id=\"0f12280\" data-element_type=\"widget\" data-widget_type=\"text-editor.default\">\r\n\t\t\t\t<div class=\"elementor-widget-container\">\r\n\t\t\t\t\t\t\t<p>4 pi\u00e8ces \/ unit\u00e9<br \/>12 unit\u00e9s \/ bo\u00eete<\/p>\t\t\t\t\t\t<\/div>\r\n\t\t\t\t<\/div>\r\n\t\t\t\t\t<\/div>\r\n\t\t<\/div>\r\n\t\t\t\t\t\t\t<\/div>\r\n\t\t<\/section>\r\n\t\t\t\t\t<\/div>\r\n\t\t<\/div>\r\n\t\t\t\t\t\t\t<\/div>\r\n\t\t<\/section>\r\n\t\t\t\t<section class=\"elementor-section elementor-top-section elementor-element elementor-element-e3dd2d9 elementor-section-height-min-height elementor-hidden-desktop elementor-hidden-laptop elementor-hidden-tablet elementor-hidden-mobile_extra elementor-hidden-mobile elementor-section-boxed elementor-section-height-default elementor-section-items-middle\" data-id=\"e3dd2d9\" data-element_type=\"section\" data-settings=\"{&quot;background_background&quot;:&quot;classic&quot;}\">\r\n\t\t\t\t\t\t<div class=\"elementor-container elementor-column-gap-default\">\r\n\t\t\t\t\t<div class=\"elementor-column elementor-col-100 elementor-top-column elementor-element elementor-element-fc28596 lakit-col-width-auto-no\" data-id=\"fc28596\" data-element_type=\"column\">\r\n\t\t\t<div class=\"elementor-widget-wrap\">\r\n\t\t\t\t\t\t\t\t\t<\/div>\r\n\t\t<\/div>\r\n\t\t\t\t\t\t\t<\/div>\r\n\t\t<\/section>\r\n\t\t\t\t<section class=\"elementor-section elementor-top-section elementor-element elementor-element-e633dba elementor-section-boxed elementor-section-height-default elementor-section-height-default\" data-id=\"e633dba\" data-element_type=\"section\">\r\n\t\t\t\t\t\t<div class=\"elementor-container elementor-column-gap-default\">\r\n\t\t\t\t\t<div class=\"elementor-column elementor-col-100 elementor-top-column elementor-element elementor-element-7baa535 lakit-col-width-auto-no\" data-id=\"7baa535\" data-element_type=\"column\">\r\n\t\t\t<div class=\"elementor-widget-wrap elementor-element-populated\">\r\n\t\t\t\t\t\t\t\t<div class=\"elementor-element elementor-element-a55e95a elementor-widget elementor-widget-heading\" data-id=\"a55e95a\" data-element_type=\"widget\" data-widget_type=\"heading.default\">\r\n\t\t\t\t<div class=\"elementor-widget-container\">\r\n\t\t\t<h4 class=\"elementor-heading-title elementor-size-default\">TARTES AUX C\u00c9R\u00c9ALES COMPL\u00c8TES<\/h4>\t\t<\/div>\r\n\t\t\t\t<\/div>\r\n\t\t\t\t<div class=\"elementor-element elementor-element-3b84b8b elementor-widget elementor-widget-heading\" data-id=\"3b84b8b\" data-element_type=\"widget\" data-widget_type=\"heading.default\">\r\n\t\t\t\t<div class=\"elementor-widget-container\">\r\n\t\t\t<h5 class=\"elementor-heading-title elementor-size-default\">Avec Fromage \u00c0 La Cr\u00e8me Et Feta<\/h5>\t\t<\/div>\r\n\t\t\t\t<\/div>\r\n\t\t\t\t<div class=\"elementor-element elementor-element-494f5a3 elementor-widget elementor-widget-text-editor\" data-id=\"494f5a3\" data-element_type=\"widget\" data-widget_type=\"text-editor.default\">\r\n\t\t\t\t<div class=\"elementor-widget-container\">\r\n\t\t\t\t\t\t\t<p>La p\u00e2te unique de Yiayia, \u00e0 base de farine de seigle compl\u00e8te riche en fibres et \u00e0 faible index glyc\u00e9mique, est harmonieusement associ\u00e9e \u00e0 une garniture de fromage \u00e0 la cr\u00e8me et de feta AOP pour cr\u00e9er une tarte \u00e9quilibr\u00e9e sur le plan nutritionnel, avec moins de graisses animales!<\/p>\t\t\t\t\t\t<\/div>\r\n\t\t\t\t<\/div>\r\n\t\t\t\t<div class=\"elementor-element elementor-element-8eaff84 elementor-widget elementor-widget-image\" data-id=\"8eaff84\" data-element_type=\"widget\" data-widget_type=\"image.default\">\r\n\t\t\t\t<div class=\"elementor-widget-container\">\r\n\t\t\t<style>\/*! elementor - v3.18.0 - 06-12-2023 *\/\n.elementor-widget-image{text-align:center}.elementor-widget-image a{display:inline-block}.elementor-widget-image a img[src$=\".svg\"]{width:48px}.elementor-widget-image img{vertical-align:middle;display:inline-block}<\/style>\t\t\t\t\t\t\t\t\t\t\t\t<img fetchpriority=\"high\" decoding=\"async\" width=\"1600\" height=\"1067\" src=\"https:\/\/yiayiapies.com\/wp-content\/uploads\/2024\/11\/yiayia-pies-\u0391\u039d\u0398\u039f\u03a4\u03a5\u03a1\u039f-\u039f\u039b\u0399\u039a\u0397\u03a3.jpg\" class=\"attachment-large size-large wp-image-7847\" alt=\"yiayia pies \u0391\u039d\u0398\u039f\u03a4\u03a5\u03a1\u039f \u039f\u039b\u0399\u039a\u0397\u03a3\" srcset=\"https:\/\/yiayiapies.com\/wp-content\/uploads\/2024\/11\/yiayia-pies-\u0391\u039d\u0398\u039f\u03a4\u03a5\u03a1\u039f-\u039f\u039b\u0399\u039a\u0397\u03a3.jpg 1600w, https:\/\/yiayiapies.com\/wp-content\/uploads\/2024\/11\/yiayia-pies-\u0391\u039d\u0398\u039f\u03a4\u03a5\u03a1\u039f-\u039f\u039b\u0399\u039a\u0397\u03a3-1536x1024.jpg 1536w, https:\/\/yiayiapies.com\/wp-content\/uploads\/2024\/11\/yiayia-pies-\u0391\u039d\u0398\u039f\u03a4\u03a5\u03a1\u039f-\u039f\u039b\u0399\u039a\u0397\u03a3-18x12.jpg 18w\" sizes=\"(max-width: 1600px) 100vw, 1600px\" \/>\t\t\t\t\t\t\t\t\t\t\t\t\t\t\t<\/div>\r\n\t\t\t\t<\/div>\r\n\t\t\t\t\t<\/div>\r\n\t\t<\/div>\r\n\t\t\t\t\t\t\t<\/div>\r\n\t\t<\/section>\r\n\t\t\t\t<section class=\"elementor-section elementor-top-section elementor-element elementor-element-cebbe24 elementor-section-boxed elementor-section-height-default elementor-section-height-default\" data-id=\"cebbe24\" data-element_type=\"section\">\r\n\t\t\t\t\t\t<div class=\"elementor-container elementor-column-gap-default\">\r\n\t\t\t\t\t<div class=\"elementor-column elementor-col-100 elementor-top-column elementor-element elementor-element-24c9d84 lakit-col-width-auto-no\" data-id=\"24c9d84\" data-element_type=\"column\">\r\n\t\t\t<div class=\"elementor-widget-wrap elementor-element-populated\">\r\n\t\t\t\t\t\t\t\t<div class=\"elementor-element elementor-element-24d47f9 elementor-widget elementor-widget-heading\" data-id=\"24d47f9\" data-element_type=\"widget\" data-widget_type=\"heading.default\">\r\n\t\t\t\t<div class=\"elementor-widget-container\">\r\n\t\t\t<h4 class=\"elementor-heading-title elementor-size-default\">TARTES \u201cM\u00c9DITERRAN\u00c9ENNE\u201d AUX C\u00c9R\u00c9ALES COMPL\u00c8TES<\/h4>\t\t<\/div>\r\n\t\t\t\t<\/div>\r\n\t\t\t\t<div class=\"elementor-element elementor-element-501d6ca elementor-widget elementor-widget-heading\" data-id=\"501d6ca\" data-element_type=\"widget\" data-widget_type=\"heading.default\">\r\n\t\t\t\t<div class=\"elementor-widget-container\">\r\n\t\t\t<h5 class=\"elementor-heading-title elementor-size-default\">Avec feta, sauce tomate, olives, poivrons verts<\/h5>\t\t<\/div>\r\n\t\t\t\t<\/div>\r\n\t\t\t\t<div class=\"elementor-element elementor-element-4fdf6c7 elementor-widget elementor-widget-text-editor\" data-id=\"4fdf6c7\" data-element_type=\"widget\" data-widget_type=\"text-editor.default\">\r\n\t\t\t\t<div class=\"elementor-widget-container\">\r\n\t\t\t\t\t\t\t<p>La tarte la plus populaire de Yiayia Pies. En plus de son go\u00fbt incomparable, elle r\u00e9pond \u00e0 toutes les exigences d\u2019une alimentation m\u00e9diterran\u00e9enne \u00e9quilibr\u00e9e! Tous les ar\u00f4mes de la M\u00e9diterran\u00e9e sont envelopp\u00e9s dans la p\u00e2te de seigle compl\u00e8te riche en fibres v\u00e9g\u00e9tales, vous transportant dans un voyage culinaire!<\/p>\t\t\t\t\t\t<\/div>\r\n\t\t\t\t<\/div>\r\n\t\t\t\t<div class=\"elementor-element elementor-element-92fc7ba elementor-widget elementor-widget-image\" data-id=\"92fc7ba\" data-element_type=\"widget\" data-widget_type=\"image.default\">\r\n\t\t\t\t<div class=\"elementor-widget-container\">\r\n\t\t\t\t\t\t\t\t\t\t\t\t\t\t\t<img decoding=\"async\" width=\"1600\" height=\"1067\" src=\"https:\/\/yiayiapies.com\/wp-content\/uploads\/2024\/11\/yiayia-pies-\u039c\u0395\u03a3\u039f\u0393\u0395\u0399\u0391\u039a\u0397-\u039f\u039b\u0399\u039a\u0397\u03a3.jpg\" class=\"attachment-large size-large wp-image-7851\" alt=\"yiayia pies \u039c\u0395\u03a3\u039f\u0393\u0395\u0399\u0391\u039a\u0397 \u039f\u039b\u0399\u039a\u0397\u03a3\" srcset=\"https:\/\/yiayiapies.com\/wp-content\/uploads\/2024\/11\/yiayia-pies-\u039c\u0395\u03a3\u039f\u0393\u0395\u0399\u0391\u039a\u0397-\u039f\u039b\u0399\u039a\u0397\u03a3.jpg 1600w, https:\/\/yiayiapies.com\/wp-content\/uploads\/2024\/11\/yiayia-pies-\u039c\u0395\u03a3\u039f\u0393\u0395\u0399\u0391\u039a\u0397-\u039f\u039b\u0399\u039a\u0397\u03a3-1536x1024.jpg 1536w, https:\/\/yiayiapies.com\/wp-content\/uploads\/2024\/11\/yiayia-pies-\u039c\u0395\u03a3\u039f\u0393\u0395\u0399\u0391\u039a\u0397-\u039f\u039b\u0399\u039a\u0397\u03a3-18x12.jpg 18w\" sizes=\"(max-width: 1600px) 100vw, 1600px\" \/>\t\t\t\t\t\t\t\t\t\t\t\t\t\t\t<\/div>\r\n\t\t\t\t<\/div>\r\n\t\t\t\t\t<\/div>\r\n\t\t<\/div>\r\n\t\t\t\t\t\t\t<\/div>\r\n\t\t<\/section>\r\n\t\t\t\t<section class=\"elementor-section elementor-top-section elementor-element elementor-element-653395b elementor-section-boxed elementor-section-height-default elementor-section-height-default\" data-id=\"653395b\" data-element_type=\"section\">\r\n\t\t\t\t\t\t<div class=\"elementor-container elementor-column-gap-default\">\r\n\t\t\t\t\t<div class=\"elementor-column elementor-col-100 elementor-top-column elementor-element elementor-element-7ccc6dd lakit-col-width-auto-no\" data-id=\"7ccc6dd\" data-element_type=\"column\">\r\n\t\t\t<div class=\"elementor-widget-wrap elementor-element-populated\">\r\n\t\t\t\t\t\t\t\t<div class=\"elementor-element elementor-element-229d0c7 elementor-widget elementor-widget-heading\" data-id=\"229d0c7\" data-element_type=\"widget\" data-widget_type=\"heading.default\">\r\n\t\t\t\t<div class=\"elementor-widget-container\">\r\n\t\t\t<h4 class=\"elementor-heading-title elementor-size-default\">TARTES AUX C\u00c9R\u00c9ALES COMPL\u00c8TES AVEC \u00c9PINARDS ET FROMAGE \u00c0 LA CR\u00c8ME<\/h4>\t\t<\/div>\r\n\t\t\t\t<\/div>\r\n\t\t\t\t<div class=\"elementor-element elementor-element-9867618 elementor-widget elementor-widget-heading\" data-id=\"9867618\" data-element_type=\"widget\" data-widget_type=\"heading.default\">\r\n\t\t\t\t<div class=\"elementor-widget-container\">\r\n\t\t\t<h5 class=\"elementor-heading-title elementor-size-default\">Avec de l\u2019huile d\u2019olive extra vierge<\/h5>\t\t<\/div>\r\n\t\t\t\t<\/div>\r\n\t\t\t\t<div class=\"elementor-element elementor-element-38e2230 elementor-widget elementor-widget-text-editor\" data-id=\"38e2230\" data-element_type=\"widget\" data-widget_type=\"text-editor.default\">\r\n\t\t\t\t<div class=\"elementor-widget-container\">\r\n\t\t\t\t\t\t\t<p>Une version plus l\u00e9g\u00e8re et \u00e0 faible index glyc\u00e9mique de la c\u00e9l\u00e8bre tarte grecque aux \u00e9pinards et au fromage, associant notre p\u00e2te de seigle compl\u00e8te avec des \u00e9pinards frais, du fromage \u00e0 la cr\u00e8me grec, de l\u2019huile d\u2019olive extra vierge et des herbes grecques.<br \/>Riche en fibres v\u00e9g\u00e9tales, avec moins de graisses animales et de sel.<\/p>\t\t\t\t\t\t<\/div>\r\n\t\t\t\t<\/div>\r\n\t\t\t\t<div class=\"elementor-element elementor-element-4bb93c9 elementor-widget elementor-widget-image\" data-id=\"4bb93c9\" data-element_type=\"widget\" data-widget_type=\"image.default\">\r\n\t\t\t\t<div class=\"elementor-widget-container\">\r\n\t\t\t\t\t\t\t\t\t\t\t\t\t\t\t<img decoding=\"async\" width=\"1600\" height=\"1067\" src=\"https:\/\/yiayiapies.com\/wp-content\/uploads\/2024\/11\/yiayia-pies-\u03a3\u03a0\u0391\u039d\u0391\u039a\u0399-\u0391\u039d\u0398\u039f\u03a4\u03a5\u03a1\u039f-\u039f\u039b\u0399\u039a\u0397\u03a3.jpg\" class=\"attachment-large size-large wp-image-7852\" alt=\"yiayia pies \u03a3\u03a0\u0391\u039d\u0391\u039a\u0399 - \u0391\u039d\u0398\u039f\u03a4\u03a5\u03a1\u039f \u039f\u039b\u0399\u039a\u0397\u03a3\" srcset=\"https:\/\/yiayiapies.com\/wp-content\/uploads\/2024\/11\/yiayia-pies-\u03a3\u03a0\u0391\u039d\u0391\u039a\u0399-\u0391\u039d\u0398\u039f\u03a4\u03a5\u03a1\u039f-\u039f\u039b\u0399\u039a\u0397\u03a3.jpg 1600w, https:\/\/yiayiapies.com\/wp-content\/uploads\/2024\/11\/yiayia-pies-\u03a3\u03a0\u0391\u039d\u0391\u039a\u0399-\u0391\u039d\u0398\u039f\u03a4\u03a5\u03a1\u039f-\u039f\u039b\u0399\u039a\u0397\u03a3-1536x1024.jpg 1536w, https:\/\/yiayiapies.com\/wp-content\/uploads\/2024\/11\/yiayia-pies-\u03a3\u03a0\u0391\u039d\u0391\u039a\u0399-\u0391\u039d\u0398\u039f\u03a4\u03a5\u03a1\u039f-\u039f\u039b\u0399\u039a\u0397\u03a3-18x12.jpg 18w\" sizes=\"(max-width: 1600px) 100vw, 1600px\" \/>\t\t\t\t\t\t\t\t\t\t\t\t\t\t\t<\/div>\r\n\t\t\t\t<\/div>\r\n\t\t\t\t\t<\/div>\r\n\t\t<\/div>\r\n\t\t\t\t\t\t\t<\/div>\r\n\t\t<\/section>\r\n\t\t\t\t<section class=\"elementor-section elementor-top-section elementor-element elementor-element-af5521a elementor-section-boxed elementor-section-height-default elementor-section-height-default\" data-id=\"af5521a\" data-element_type=\"section\">\r\n\t\t\t\t\t\t<div class=\"elementor-container elementor-column-gap-default\">\r\n\t\t\t\t\t<div class=\"elementor-column elementor-col-100 elementor-top-column elementor-element elementor-element-a217e5e lakit-col-width-auto-no\" data-id=\"a217e5e\" data-element_type=\"column\">\r\n\t\t\t<div class=\"elementor-widget-wrap elementor-element-populated\">\r\n\t\t\t\t\t\t\t\t<div class=\"elementor-element elementor-element-96184b3 elementor-widget elementor-widget-heading\" data-id=\"96184b3\" data-element_type=\"widget\" data-widget_type=\"heading.default\">\r\n\t\t\t\t<div class=\"elementor-widget-container\">\r\n\t\t\t<h4 class=\"elementor-heading-title elementor-size-default\">TARTE GRECQUES AUX CHAMPIGNONS COMPL\u00c8TES VEGAN<\/h4>\t\t<\/div>\r\n\t\t\t\t<\/div>\r\n\t\t\t\t<div class=\"elementor-element elementor-element-cd3677f elementor-widget elementor-widget-heading\" data-id=\"cd3677f\" data-element_type=\"widget\" data-widget_type=\"heading.default\">\r\n\t\t\t\t<div class=\"elementor-widget-container\">\r\n\t\t\t<h5 class=\"elementor-heading-title elementor-size-default\">Avec champignons frais, sauce tomate, oignon<\/h5>\t\t<\/div>\r\n\t\t\t\t<\/div>\r\n\t\t\t\t<div class=\"elementor-element elementor-element-fa18cd4 elementor-widget elementor-widget-text-editor\" data-id=\"fa18cd4\" data-element_type=\"widget\" data-widget_type=\"text-editor.default\">\r\n\t\t\t\t<div class=\"elementor-widget-container\">\r\n\t\t\t\t\t\t\t<p>La nouvelle option Vegan de Yiayia Pies est l\u00e0 pour vous enthousiasmer.  Les champignons, les herbes fra\u00eeches et la sauce tomate, combin\u00e9s \n\u00e0 la p\u00e2te croustillante au bl\u00e9 complet de Yiayia, cr\u00e9ent une collation d\u00e9licieuse, id\u00e9ale pour satisfaire les besoins en prot\u00e9ines des v\u00e9g\u00e9tariens.<\/p>\t\t\t\t\t\t<\/div>\r\n\t\t\t\t<\/div>\r\n\t\t\t\t\t<\/div>\r\n\t\t<\/div>\r\n\t\t\t\t\t\t\t<\/div>\r\n\t\t<\/section>\r\n\t\t\t\t<section class=\"elementor-section elementor-top-section elementor-element elementor-element-c24fa84 elementor-section-height-min-height elementor-section-boxed elementor-section-height-default elementor-section-items-middle\" data-id=\"c24fa84\" data-element_type=\"section\" data-settings=\"{&quot;background_background&quot;:&quot;classic&quot;}\">\r\n\t\t\t\t\t\t<div class=\"elementor-container elementor-column-gap-default\">\r\n\t\t\t\t\t<div class=\"elementor-column elementor-col-100 elementor-top-column elementor-element elementor-element-dd8eaac lakit-col-width-auto-no\" data-id=\"dd8eaac\" data-element_type=\"column\">\r\n\t\t\t<div class=\"elementor-widget-wrap\">\r\n\t\t\t\t\t\t\t\t\t<\/div>\r\n\t\t<\/div>\r\n\t\t\t\t\t\t\t<\/div>\r\n\t\t<\/section>\r\n\t\t\t\t\t\t\t<\/div>","protected":false},"excerpt":{"rendered":"<p>\u03a7\u03b5\u03b9\u03c1\u03bf\u03c0\u03bf\u03af\u03b7\u03c4\u03b5\u03c2 \u03a0\u0399\u03a4\u0395\u03a3 \u039f\u03bb\u03b9\u03ba\u03ae\u03c2 \u0386\u03bb\u03b5\u03c3\u03b7\u03c22500gr\/930gr \u03a7\u0395\u0399\u03a1\u039f\u03a0\u039f\u0399\u0397\u03a4\u0395\u03a3 \u03a0\u0399\u03a4\u0395\u03a3 \u039f\u039b\u0399\u039a\u0397\u03a3 \u0391\u039b\u0395\u03a3\u0397\u03a3 2500GR.\/930GR. \u0398\u03b5\u03c1\u03bc\u03bf\u03ba\u03c1\u03b1\u03c3\u03af\u03b1 \u03c8\u03b7\u03c3\u03af\u03bc\u03b1\u03c4\u03bf\u03c2: 180\u00b0C\u03a7\u03c1\u03cc\u03bd\u03bf\u03c2 \u03c8\u03b7\u03c3\u03af\u03bc\u03b1\u03c4\u03bf\u03c2: 50&#8242; &#8211; 55&#8242;\u0394\u03b5\u03bd \u03c7\u03c1\u03b5\u03b9\u03ac\u03b6\u03bf\u03bd\u03c4\u03b1\u03b9 \u03b1\u03c0\u03cc\u03c8\u03c5\u03be\u03b7\u0394\u03b5\u03bd \u03c7\u03c1\u03b5\u03b9\u03ac\u03b6\u03bf\u03bd\u03c4\u03b1\u03b9 \u03b5\u03c0\u03ac\u03bb\u03b5\u03b9\u03c8\u03b7 [&hellip;]<\/p>","protected":false},"author":2,"featured_media":0,"parent":0,"menu_order":0,"comment_status":"closed","ping_status":"closed","template":"","meta":{"_monsterinsights_skip_tracking":false,"_monsterinsights_sitenote_active":false,"_monsterinsights_sitenote_note":"","_monsterinsights_sitenote_category":0,"footnotes":""},"class_list":["post-7454","page","type-page","status-publish","hentry"],"aioseo_notices":[],"_links":{"self":[{"href":"https:\/\/yiayiapies.com\/fr\/wp-json\/wp\/v2\/pages\/7454","targetHints":{"allow":["GET"]}}],"collection":[{"href":"https:\/\/yiayiapies.com\/fr\/wp-json\/wp\/v2\/pages"}],"about":[{"href":"https:\/\/yiayiapies.com\/fr\/wp-json\/wp\/v2\/types\/page"}],"author":[{"embeddable":true,"href":"https:\/\/yiayiapies.com\/fr\/wp-json\/wp\/v2\/users\/2"}],"replies":[{"embeddable":true,"href":"https:\/\/yiayiapies.com\/fr\/wp-json\/wp\/v2\/comments?post=7454"}],"version-history":[{"count":58,"href":"https:\/\/yiayiapies.com\/fr\/wp-json\/wp\/v2\/pages\/7454\/revisions"}],"predecessor-version":[{"id":8230,"href":"https:\/\/yiayiapies.com\/fr\/wp-json\/wp\/v2\/pages\/7454\/revisions\/8230"}],"wp:attachment":[{"href":"https:\/\/yiayiapies.com\/fr\/wp-json\/wp\/v2\/media?parent=7454"}],"curies":[{"name":"wp","href":"https:\/\/api.w.org\/{rel}","templated":true}]}}