{"id":5454,"date":"2022-10-11T12:05:07","date_gmt":"2022-10-11T09:05:07","guid":{"rendered":"https:\/\/yiayiapies.com\/?page_id=5454"},"modified":"2022-10-11T12:05:07","modified_gmt":"2022-10-11T09:05:07","slug":"cookies-policy","status":"publish","type":"page","link":"https:\/\/yiayiapies.com\/fr\/cookies-policy\/","title":{"rendered":"Politique des cookies"},"content":{"rendered":"<div style=\"height:200px\" aria-hidden=\"true\" class=\"wp-block-spacer\"><\/div>\n\n\n\n<h1 class=\"wp-block-heading\">Politique des cookies<\/h1>\n\n\n\n<p>Politique en mati\u00e8re de cookies Nous utilisons des cookies sur notre site web pour g\u00e9rer vos temps de session, pour vous fournir des pages web personnalis\u00e9es et pour adapter la publicit\u00e9 et d'autres contenus \u00e0 vos besoins et int\u00e9r\u00eats sp\u00e9cifiques. Les cookies peuvent \u00e9galement \u00eatre utilis\u00e9s pour compiler des statistiques anonymes et globales qui nous permettent de comprendre comment le public utilise notre site web et nous aident \u00e0 am\u00e9liorer sa structure et son contenu. Nous ne pouvons pas v\u00e9rifier votre identit\u00e9 personnelle \u00e0 partir de ces informations. Vous pouvez modifier les param\u00e8tres de votre navigateur pour rejeter tout ou partie des cookies. Vous devez savoir que certaines fonctionnalit\u00e9s ne sont disponibles que gr\u00e2ce \u00e0 l'utilisation de cookies et que si vous choisissez de rejeter les cookies, ces fonctionnalit\u00e9s pourraient ne pas \u00eatre disponibles.<\/p>\n\n\n\n<p><strong>Absolument essentiel<\/strong><\/p>\n\n\n\n<p>Les cookies strictement n\u00e9cessaires sont essentiels au bon fonctionnement du site web, ils vous permettent de naviguer et d'utiliser ses fonctionnalit\u00e9s, telles que l'acc\u00e8s \u00e0 des zones s\u00e9curis\u00e9es ou l'utilisation du panier d'achat. Ces cookies ne reconnaissent pas votre identit\u00e9 individuelle. Sans ces cookies, nous ne pouvons pas offrir un fonctionnement efficace de notre site web.<\/p>\n\n\n\n<p><strong>Cookies de performance<\/strong><\/p>\n\n\n\n<p>Ces cookies recueillent des informations sur la mani\u00e8re dont les visiteurs utilisent le site web, par exemple les pages qu'ils visitent le plus souvent et s'ils re\u00e7oivent des messages d'erreur de la part des sites web. Ces cookies recueillent des informations globales et anonymes qui ne permettent pas d'identifier un visiteur. Ils sont utilis\u00e9s uniquement pour am\u00e9liorer les performances d'un site web.<\/p>\n\n\n\n<p><strong>Cookies de fonctionnalit\u00e9<\/strong><\/p>\n\n\n\n<p>Ces cookies permettent au site web de se souvenir des choix de l'utilisateur, tels que le nom d'utilisateur ou la r\u00e9gion, afin de fournir des fonctions am\u00e9lior\u00e9es et personnalis\u00e9es. Les informations collect\u00e9es par ces cookies sont anonymes et il n'est pas possible de suivre l'activit\u00e9 de navigation sur d'autres sites web.<\/p>\n\n\n\n<p><strong>Cookies de ciblage<\/strong><\/p>\n\n\n\n<p>Ces cookies sont utilis\u00e9s pour fournir le contenu qui vous convient le mieux et qui correspond \u00e0 vos int\u00e9r\u00eats. Ils peuvent \u00eatre utilis\u00e9s pour afficher des publicit\u00e9s\/offres cibl\u00e9es, limiter les impressions publicitaires ou mesurer l'efficacit\u00e9 d'une campagne publicitaire.&nbsp;<\/p>\n\n\n\n<p><strong>Supprimer les cookies<\/strong><\/p>\n\n\n\n<p>Si vous souhaitez supprimer les cookies, vous pouvez consulter les instructions fournies par chaque navigateur (chrome, Mozilla, Explorer, etc.).\u00a0<a href=\"https:\/\/support.google.com\/chrome\/answer\/95647?co=GENIE.Platform%3DDesktop&amp;hl=el\">Google Chrome<\/a>. \u0395\u03c0\u03b9\u03c0\u03bb\u03b5\u03bf\u03bd \u03b2\u03bf\u03ae\u03b8\u03b5\u03b9\u03b1 \u03c3\u03c7\u03b5\u03c4\u03b9\u03ba\u03ac \u03bc\u03b5 \u03b4\u03b9\u03b1\u03b3\u03c1\u03b1\u03c6\u03ae \u03c4\u03c9\u03bd cookie \u03c0\u03bf\u03c5 \u03c0\u03c1\u03bf\u03ad\u03c1\u03c7\u03bf\u03bd\u03c4\u03b1\u03b9 \u03b1\u03c0\u03bf \u03c4\u03bf <a href=\"https:\/\/yiayiapies.com\/fr\/shop\/\" target=\"_blank\" rel=\"noopener\" title=\"E-Shop\">e-shop<\/a> \u03bc\u03b1\u03c2.<\/p>\n\n\n\n<p><strong>Cookies Google Analytics<\/strong><\/p>\n\n\n\n<p>Ce site utilise Google Analytics, un service d'analyse de site internet fourni par Google Inc. (\u00ab Google \u00bb).<br>Google Analytics utilise une forme particuli\u00e8re de \u00ab cookie \u00bb, c'est-\u00e0-dire un fichier texte qui est stock\u00e9 sur votre ordinateur et qui permet d'analyser votre utilisation du site web.<br>Les informations g\u00e9n\u00e9r\u00e9es par le cookie concernant votre utilisation de ce site Internet sont g\u00e9n\u00e9ralement transmises \u00e0 un serveur de Google aux \u00c9tats-Unis o\u00f9 elles sont enregistr\u00e9es.<\/p>\n\n\n\n<p>Google utilisera ces informations en notre nom afin d'analyser votre utilisation de ce site, de compiler des rapports sur les activit\u00e9s du site et de fournir \u00e0 l'exploitant du site des services suppl\u00e9mentaires li\u00e9s \u00e0 votre utilisation de ce site et \u00e0 votre utilisation d'Internet. L'adresse IP transmise \u00e0 Google Analytics par votre navigateur n'est pas combin\u00e9e avec d'autres donn\u00e9es de Google. Vous pouvez emp\u00eacher l'enregistrement des cookies en s\u00e9lectionnant les param\u00e8tres appropri\u00e9s dans votre logiciel de navigation. Vous pouvez \u00e9galement emp\u00eacher Google d'enregistrer les donn\u00e9es relatives \u00e0 votre utilisation du site Web qui sont d\u00e9riv\u00e9es du cookie (y compris votre adresse IP) et de traiter ces donn\u00e9es, \u00e0 condition de t\u00e9l\u00e9charger et d'installer le module d'extension de navigateur disponible sur le lien suivant&nbsp;<a href=\"https:\/\/tools.google.com\/dlpage\/gaoptout?hl=en\">ICI<\/a>.&nbsp;<br>\u039c\u03c0\u03bf\u03c1\u03b5\u03af\u03c4\u03b5 \u03bd\u03b1 \u03b2\u03c1\u03b5\u03af\u03c4\u03b5 \u03c0\u03b5\u03c1\u03b9\u03c3\u03c3\u03cc\u03c4\u03b5\u03c1\u03b5\u03c2 \u03c0\u03bb\u03b7\u03c1\u03bf\u03c6\u03bf\u03c1\u03af\u03b5\u03c2 \u03c3\u03c7\u03b5\u03c4\u03b9\u03ba\u03ac \u03bc\u03b5 \u03c4\u03b7\u03bd google \u03ba\u03b1\u03b9 \u03c4\u03bf\u03c5\u03c2 \u03cc\u03c1\u03bf\u03c5\u03c2 \u03c7\u03c1\u03ae\u03c3\u03b7\u03c2 \u03ba\u03b1\u03b9 \u03c4\u03b7\u03bd \u03c0\u03c1\u03bf\u03c3\u03c4\u03b1\u03c3\u03af\u03b1 \u03c4\u03c9\u03bd \u03c0\u03c1\u03bf\u03c3\u03c9\u03c0\u03b9\u03ba\u03ce\u03bd \u03b4\u03b5\u03b4\u03bf\u03bc\u03ad\u03bd\u03c9\u03bd&nbsp;<a href=\"https:\/\/www.google.com\/analytics\/learn\/privacy.html?hl=el\">ICI<\/a>.<\/p>","protected":false},"excerpt":{"rendered":"<p>\u03a0\u03bf\u03bb\u03b9\u03c4\u03b9\u03ba\u03ae Cookies \u03a0\u03bf\u03bb\u03b9\u03c4\u03b9\u03ba\u03ae Cookies. \u03a7\u03c1\u03b7\u03c3\u03b9\u03bc\u03bf\u03c0\u03bf\u03b9\u03bf\u03cd\u03bc\u03b5 cookies \u03c3\u03c4\u03bf\u03bd \u03b9\u03c3\u03c4\u03cc\u03c4\u03bf\u03c0\u03bf \u03bc\u03b1\u03c2 \u03b3\u03b9\u03b1 \u03c4\u03b7 \u03b4\u03b9\u03b1\u03c7\u03b5\u03af\u03c1\u03b9\u03c3\u03b7 \u03c4\u03c9\u03bd \u03c0\u03b5\u03c1\u03b9\u03cc\u03b4\u03c9\u03bd \u03c3\u03cd\u03bd\u03b4\u03b5\u03c3\u03b7\u03c2, \u03b3\u03b9\u03b1 \u03c4\u03b7\u03bd \u03c0\u03b1\u03c1\u03bf\u03c7\u03ae \u03b5\u03be\u03b1\u03c4\u03bf\u03bc\u03b9\u03ba\u03b5\u03c5\u03bc\u03ad\u03bd\u03c9\u03bd \u03b9\u03c3\u03c4\u03bf\u03c3\u03b5\u03bb\u03af\u03b4\u03c9\u03bd [&hellip;]<\/p>","protected":false},"author":1,"featured_media":0,"parent":0,"menu_order":0,"comment_status":"closed","ping_status":"closed","template":"","meta":{"_monsterinsights_skip_tracking":false,"_monsterinsights_sitenote_active":false,"_monsterinsights_sitenote_note":"","_monsterinsights_sitenote_category":0,"footnotes":""},"class_list":["post-5454","page","type-page","status-publish","hentry"],"aioseo_notices":[],"_links":{"self":[{"href":"https:\/\/yiayiapies.com\/fr\/wp-json\/wp\/v2\/pages\/5454","targetHints":{"allow":["GET"]}}],"collection":[{"href":"https:\/\/yiayiapies.com\/fr\/wp-json\/wp\/v2\/pages"}],"about":[{"href":"https:\/\/yiayiapies.com\/fr\/wp-json\/wp\/v2\/types\/page"}],"author":[{"embeddable":true,"href":"https:\/\/yiayiapies.com\/fr\/wp-json\/wp\/v2\/users\/1"}],"replies":[{"embeddable":true,"href":"https:\/\/yiayiapies.com\/fr\/wp-json\/wp\/v2\/comments?post=5454"}],"version-history":[{"count":0,"href":"https:\/\/yiayiapies.com\/fr\/wp-json\/wp\/v2\/pages\/5454\/revisions"}],"wp:attachment":[{"href":"https:\/\/yiayiapies.com\/fr\/wp-json\/wp\/v2\/media?parent=5454"}],"curies":[{"name":"wp","href":"https:\/\/api.w.org\/{rel}","templated":true}]}}