{"id":5412,"date":"2022-10-11T11:21:45","date_gmt":"2022-10-11T08:21:45","guid":{"rendered":"https:\/\/yiayiapies.com\/?page_id=5412"},"modified":"2023-01-03T10:18:04","modified_gmt":"2023-01-03T08:18:04","slug":"terms-and-conditions","status":"publish","type":"page","link":"https:\/\/yiayiapies.com\/fr\/terms-and-conditions\/","title":{"rendered":"Conditions d'utilisation"},"content":{"rendered":"<div data-elementor-type=\"wp-page\" data-elementor-id=\"5412\" class=\"elementor elementor-5412\" data-elementor-post-type=\"page\">\r\n\t\t\t\t\t\t\t\t\t<section class=\"elementor-section elementor-top-section elementor-element elementor-element-27ae8bc2 elementor-section-boxed elementor-section-height-default elementor-section-height-default\" data-id=\"27ae8bc2\" data-element_type=\"section\">\r\n\t\t\t\t\t\t<div class=\"elementor-container elementor-column-gap-default\">\r\n\t\t\t\t\t<div class=\"elementor-column elementor-col-100 elementor-top-column elementor-element elementor-element-5d280dc0 lakit-col-width-auto-no\" data-id=\"5d280dc0\" data-element_type=\"column\">\r\n\t\t\t<div class=\"elementor-widget-wrap elementor-element-populated\">\r\n\t\t\t\t\t\t\t\t<div class=\"elementor-element elementor-element-6a9c0f3b elementor-widget elementor-widget-text-editor\" data-id=\"6a9c0f3b\" data-element_type=\"widget\" data-widget_type=\"text-editor.default\">\r\n\t\t\t\t<div class=\"elementor-widget-container\">\r\n\t\t\t<style>\/*! elementor - v3.18.0 - 06-12-2023 *\/\n.elementor-widget-text-editor.elementor-drop-cap-view-stacked .elementor-drop-cap{background-color:#69727d;color:#fff}.elementor-widget-text-editor.elementor-drop-cap-view-framed .elementor-drop-cap{color:#69727d;border:3px solid;background-color:transparent}.elementor-widget-text-editor:not(.elementor-drop-cap-view-default) .elementor-drop-cap{margin-top:8px}.elementor-widget-text-editor:not(.elementor-drop-cap-view-default) .elementor-drop-cap-letter{width:1em;height:1em}.elementor-widget-text-editor .elementor-drop-cap{float:left;text-align:center;line-height:1;font-size:50px}.elementor-widget-text-editor .elementor-drop-cap-letter{display:inline-block}<\/style>\t\t\t\t<p><!-- wp:columns --><\/p>\n<div class=\"wp-block-columns\">\n<p><!-- wp:column --><\/p>\n<div class=\"wp-block-column\">\n<p><!-- wp:spacer {\"height\":\"200px\"} --><\/p>\n<div class=\"wp-block-spacer\" style=\"height: 200px\" aria-hidden=\"true\">\u00a0<\/div>\n<p><!-- \/wp:spacer --><\/p>\n<\/div>\n<p><!-- \/wp:column --><\/p>\n<\/div>\n<p><!-- \/wp:columns --><\/p>\n<p><!-- wp:heading {\"level\":1} --><\/p>\n<h1>Conditions d'utilisation<\/h1>\n<p><!-- \/wp:heading --><\/p>\n<p><!-- wp:aioseo\/breadcrumbs \/--><\/p>\n<p><!-- wp:paragraph --><\/p>\n<p>Bienvenue sur le site\u00a0<strong>www.yiayiapies.com<\/strong>. Ce site Web est con\u00e7u pour fournir des informations g\u00e9n\u00e9rales sur \u00ab YiaYia pies \u00bb, ses produits et ses services. Vous pouvez utiliser ce site Web \u00e0 condition de respecter les pr\u00e9sentes conditions g\u00e9n\u00e9rales.<\/p>\n<p><!-- \/wp:paragraph --><\/p>\n<p><!-- wp:paragraph --><\/p>\n<p><strong>\u0391. Termes g\u00e9n\u00e9raux<\/strong><\/p>\n<p><!-- \/wp:paragraph --><\/p>\n<p><!-- wp:paragraph --><\/p>\n<p>1. Le site web www.yiayiapies.com est la propri\u00e9t\u00e9 de la soci\u00e9t\u00e9 \u00e0 responsabilit\u00e9 limit\u00e9e \u00ab KATSANTONIS IOANNIS \u00bb.<\/p>\n<p><!-- \/wp:paragraph --><\/p>\n<p><!-- wp:paragraph --><\/p>\n<p>2) Les droits de propri\u00e9t\u00e9 intellectuelle des contenus (programmes, informations, donn\u00e9es, textes, marques, logos et autres signes distinctifs) et des services du site yiayiapies.com (site) introduits dans le R\u00e9seau sont prot\u00e9g\u00e9s par les lois grecques, communautaires et internationales sur la propri\u00e9t\u00e9 intellectuelle et industrielle.<\/p>\n<p><!-- \/wp:paragraph --><\/p>\n<p><!-- wp:paragraph --><\/p>\n<p>3. Toute copie, distribution, transmission, transfert, traitement, revente, cr\u00e9ation d'\u0153uvres d\u00e9riv\u00e9es ou tromperie du public sur le fournisseur r\u00e9el du contenu du site web est interdite. Toute reproduction, republication, t\u00e9l\u00e9chargement, affichage, communication, diffusion ou transmission ou toute autre utilisation du contenu de quelque mani\u00e8re que ce soit \u00e0 des fins commerciales ou autres n'est permise qu'avec l'autorisation \u00e9crite pr\u00e9alable de yiayiapies.com ou de tout autre d\u00e9tenteur de droits d'auteur.<\/p>\n<p><!-- \/wp:paragraph --><\/p>\n<p><!-- wp:paragraph --><\/p>\n<p>4. L'utilisation du site web doit \u00eatre r\u00e9serv\u00e9e \u00e0 un usage personnel et priv\u00e9, \u00e0 des fins l\u00e9gitimes et de mani\u00e8re \u00e0 ne pas restreindre ou emp\u00eacher son utilisation par des tiers. Le visiteur est tenu d'utiliser le site conform\u00e9ment \u00e0 la loi, \u00e0 la morale et aux pr\u00e9sentes conditions, et de ne pas accomplir d'actes ou d'omissions susceptibles de causer des dommages ou un dysfonctionnement du site ou d'affecter ou de compromettre la prestation des services de yiayiapies.com.<\/p>\n<p><!-- \/wp:paragraph --><\/p>\n<p><!-- wp:paragraph --><\/p>\n<p>5. Lorsque ce site web contient des liens vers des sites web de tiers, yiayiapies.com n'est pas responsable du contenu de ces pages et des dommages ou pr\u00e9judices qui pourraient d\u00e9couler de leur utilisation, \u00e9tant donn\u00e9 que le visiteur y acc\u00e8de exclusivement par son propre choix et sous sa propre responsabilit\u00e9.<\/p>\n<p><!-- \/wp:paragraph --><\/p>\n<p><!-- wp:paragraph --><\/p>\n<p>6. Les noms, marques, images, logos et signes distinctifs repr\u00e9sentant yiayiapies.com ou des tiers et leurs produits ou services sont des marques exclusives de yiayiapies.com ou de tiers, prot\u00e9g\u00e9es par les lois sur les marques et sur la propri\u00e9t\u00e9 commerciale et industrielle. Leur apparition sur le site web ne doit en aucun cas \u00eatre interpr\u00e9t\u00e9e comme un transfert ou une cession d'une licence ou d'un droit d'utilisation.<\/p>\n<p><!-- \/wp:paragraph --><\/p>\n<p><!-- wp:paragraph --><\/p>\n<p>7. \u00ab YiaYia pies \u00bb peut modifier, \u00e0 tout moment, unilat\u00e9ralement et \u00e0 sa discr\u00e9tion, les pr\u00e9sentes conditions d'utilisation. Les visiteurs\/utilisateurs sont tenus de v\u00e9rifier p\u00e9riodiquement si des modifications ont \u00e9t\u00e9 apport\u00e9es aux pr\u00e9sentes conditions d'utilisation. La visite et l'utilisation de www.yiayiapies.com apr\u00e8s l'apparition d'une modification sera consid\u00e9r\u00e9e comme une acceptation inconditionnelle des conditions d'utilisation, telles qu'elles ont pu \u00eatre modifi\u00e9es.<\/p>\n<p><!-- \/wp:paragraph --><\/p>\n<p><!-- wp:paragraph --><\/p>\n<p><strong>\u00a0\u0392. Protection des donn\u00e9es personnelles<\/strong><\/p>\n<p><!-- \/wp:paragraph --><\/p>\n<p><!-- wp:paragraph --><\/p>\n<p>La soci\u00e9t\u00e9 sous le nom de \u00ab KATSANTONIS IOANNIS \u00bb, situ\u00e9e \u00e0 1 PARODOS LYKOURGOU 1, NEA RAIDESTOS, en tant que responsable du traitement des donn\u00e9es contenues dans ce site web, informe les visiteurs de ce site que le traitement des donn\u00e9es personnelles fournies (ci-apr\u00e8s \u00ab donn\u00e9es \u00bb) est effectu\u00e9 par \u00e9crit, par des moyens \u00e9lectroniques ou de t\u00e9l\u00e9communication, dans le but de leur fournir le service demand\u00e9. Les donn\u00e9es des utilisateurs envoy\u00e9es par voie \u00e9lectronique au site web restent confidentielles et ne sont pas transmises ou communiqu\u00e9es \u00e0 des tiers. Les utilisateurs du site web ne sont pas oblig\u00e9s de fournir leurs donn\u00e9es personnelles. Toutefois, s'ils ne le font pas, la fourniture du service demand\u00e9 peut \u00eatre emp\u00each\u00e9e.<\/p>\n<p><!-- \/wp:paragraph --><\/p>\n<p><!-- wp:paragraph --><\/p>\n<p>Les donn\u00e9es \u00e0 caract\u00e8re personnel des utilisateurs du site web ne seront pas diffus\u00e9es ou divulgu\u00e9es \u00e0 des tiers. Elles peuvent toutefois \u00eatre divulgu\u00e9es aux employ\u00e9s du responsable du traitement du site web et \u00e0 ceux \u00e0 qui le responsable du traitement du site web a d\u00e9l\u00e9gu\u00e9 la fourniture de ses services, ainsi qu'aux responsables des donn\u00e9es et aux administrateurs auxquels le responsable du traitement des donn\u00e9es a fourni une liste actualis\u00e9e des donn\u00e9es du site web.<\/p>\n<p><!-- \/wp:paragraph --><\/p>\n<p><!-- wp:paragraph --><\/p>\n<p>\u00c0 tout moment, les utilisateurs du site web se r\u00e9servent le droit de v\u00e9rifier leurs donn\u00e9es personnelles et d'en demander la correction, le renouvellement ou la suppression, ainsi que d'exercer les droits pr\u00e9vus par les dispositions de la loi 2472\/1997, en adressant une demande \u00e9crite \u00e0 l'administrateur du site web \u00ab KATSANTONIS IOANNIS \u00bb ou \u00e0 yiayiapies.com, en cliquant sur l'option \u00ab Contact \u00bb.<br \/>La visite du site et l'utilisation des services de yiayiapies.com constituent une acceptation inconditionnelle de tous les termes et conditions ci-dessus.<\/p>\n<p><b>\u0393. Politique de retour<\/b><\/p>\n<p>Si vous recevez un produit d\u00e9fectueux (produit p\u00e9rim\u00e9) ou un produit qui est<\/p>\n<p>que vous n'avez pas command\u00e9, veuillez contacter la soci\u00e9t\u00e9 au t\u00e9l :<\/p>\n<p>2396309125, 6941540704 ou info@yiayiapies.com.<\/p>\n<p>Dans chacun des cas susmentionn\u00e9s, la possibilit\u00e9 de remplacer le<\/p>\n<p>produit ou cr\u00e9dit de la somme d'argent correspondante.<\/p>\n<p>\u00a0<\/p>\n<p><!-- \/wp:paragraph --><\/p>\t\t\t\t\t\t<\/div>\r\n\t\t\t\t<\/div>\r\n\t\t\t\t\t<\/div>\r\n\t\t<\/div>\r\n\t\t\t\t\t\t\t<\/div>\r\n\t\t<\/section>\r\n\t\t\t\t\t\t\t<\/div>","protected":false},"excerpt":{"rendered":"<p>\u038c\u03c1\u03bf\u03b9 \u03c7\u03c1\u03ae\u03c3\u03b7\u03c2 \u039a\u03b1\u03bb\u03ce\u03c2 \u03ae\u03c1\u03b8\u03b1\u03c4\u03b5 \u03c3\u03c4\u03bf\u03bd \u0394\u03b9\u03ba\u03c4\u03c5\u03b1\u03ba\u03cc \u03a4\u03cc\u03c0\u03bf\u00a0www.yiayiapies.com. \u0397 \u03c0\u03b1\u03c1\u03bf\u03cd\u03c3\u03b1 \u0399\u03c3\u03c4\u03bf\u03c3\u03b5\u03bb\u03af\u03b4\u03b1 \u03ad\u03c7\u03b5\u03b9 \u03c3\u03c7\u03b5\u03b4\u03b9\u03b1\u03c3\u03c4\u03b5\u03af \u03c0\u03c1\u03bf\u03ba\u03b5\u03b9\u03bc\u03ad\u03bd\u03bf\u03c5 \u03bd\u03b1 \u03c0\u03b1\u03c1\u03ad\u03c7\u03b5\u03b9 \u03b3\u03b5\u03bd\u03b9\u03ba\u03ad\u03c2 \u03c0\u03bb\u03b7\u03c1\u03bf\u03c6\u03bf\u03c1\u03af\u03b5\u03c2 \u03b3\u03b9\u03b1 \u03c4\u03b7\u03bd\u00a0\u00abYiaYia pies\u00bb, [&hellip;]<\/p>","protected":false},"author":1,"featured_media":0,"parent":0,"menu_order":0,"comment_status":"closed","ping_status":"closed","template":"","meta":{"_monsterinsights_skip_tracking":false,"_monsterinsights_sitenote_active":false,"_monsterinsights_sitenote_note":"","_monsterinsights_sitenote_category":0,"footnotes":""},"class_list":["post-5412","page","type-page","status-publish","hentry"],"aioseo_notices":[],"_links":{"self":[{"href":"https:\/\/yiayiapies.com\/fr\/wp-json\/wp\/v2\/pages\/5412","targetHints":{"allow":["GET"]}}],"collection":[{"href":"https:\/\/yiayiapies.com\/fr\/wp-json\/wp\/v2\/pages"}],"about":[{"href":"https:\/\/yiayiapies.com\/fr\/wp-json\/wp\/v2\/types\/page"}],"author":[{"embeddable":true,"href":"https:\/\/yiayiapies.com\/fr\/wp-json\/wp\/v2\/users\/1"}],"replies":[{"embeddable":true,"href":"https:\/\/yiayiapies.com\/fr\/wp-json\/wp\/v2\/comments?post=5412"}],"version-history":[{"count":0,"href":"https:\/\/yiayiapies.com\/fr\/wp-json\/wp\/v2\/pages\/5412\/revisions"}],"wp:attachment":[{"href":"https:\/\/yiayiapies.com\/fr\/wp-json\/wp\/v2\/media?parent=5412"}],"curies":[{"name":"wp","href":"https:\/\/api.w.org\/{rel}","templated":true}]}}